{"id":113,"date":"2024-12-30T12:55:13","date_gmt":"2024-12-30T12:55:13","guid":{"rendered":"https:\/\/toldoscorona.es\/?page_id=113"},"modified":"2025-02-27T01:16:08","modified_gmt":"2025-02-27T01:16:08","slug":"preguntas-frecuentes","status":"publish","type":"page","link":"https:\/\/toldoscorona.es\/en\/preguntas-frecuentes\/","title":{"rendered":"FAQ"},"content":{"rendered":"<p class=\"has-x-large-font-size\"><\/p>\n\n\n\n<div class=\"wp-block-columns is-layout-flex wp-container-core-columns-is-layout-1 wp-block-columns-is-layout-flex\">\n<div class=\"wp-block-column is-layout-flow wp-block-column-is-layout-flow\" style=\"flex-basis:10%\">\n<p class=\"has-x-large-font-size\"><\/p>\n<\/div>\n\n\n\n<div class=\"wp-block-column is-layout-flow wp-block-column-is-layout-flow\" style=\"flex-basis:90%\">\n<p class=\"has-xx-large-font-size\"><strong>FAQ<\/strong><\/p>\n<\/div>\n<\/div>\n\n\n\n<div style=\"height:50px\" aria-hidden=\"true\" class=\"wp-block-spacer\"><\/div>\n\n\n\n<div class=\"wp-block-columns is-layout-flex wp-container-core-columns-is-layout-2 wp-block-columns-is-layout-flex\">\n<div class=\"wp-block-column is-layout-flow wp-block-column-is-layout-flow\" style=\"flex-basis:15%\"><\/div>\n\n\n\n<div class=\"wp-block-column is-layout-flow wp-block-column-is-layout-flow\" style=\"flex-basis:70%\">\n<details class=\"wp-block-details is-layout-flow wp-container-core-details-is-layout-1 wp-block-details-is-layout-flow\"><summary>What type of awnings does Toldos Corona offer?<\/summary>\n<p class=\"has-medium-font-size\">At Toldos Corona we offer a wide variety of awnings, boxes, curtains, straight points, palilleria, etc.<\/p>\n<\/details>\n\n\n\n<hr class=\"wp-block-separator has-alpha-channel-opacity\"\/>\n\n\n\n<details class=\"wp-block-details is-layout-flow wp-container-core-details-is-layout-2 wp-block-details-is-layout-flow\"><summary>How long does a Toldos Corona awning last?<\/summary>\n<p class=\"has-medium-font-size\">The lifespan of an awning depends on maintenance and care. Our awnings are made from high quality materials that can last for years with proper care.<\/p>\n<\/details>\n\n\n\n<hr class=\"wp-block-separator has-alpha-channel-opacity\"\/>\n\n\n\n<details class=\"wp-block-details is-layout-flow wp-container-core-details-is-layout-3 wp-block-details-is-layout-flow\"><summary>Can you customize an awning?<\/summary>\n<p class=\"has-medium-font-size\">Yes, at Toldos Corona we offer customization options, to ensure that your awning adapts to your style and needs.<\/p>\n<\/details>\n\n\n\n<hr class=\"wp-block-separator has-alpha-channel-opacity\"\/>\n\n\n\n<details class=\"wp-block-details is-layout-flow wp-container-core-details-is-layout-4 wp-block-details-is-layout-flow\"><summary>How long does it take to install my product?<\/summary>\n<p class=\"has-medium-font-size\">At Toldos Corona we want you to enjoy your product as soon as possible, providing a delivery and installation service of a maximum of one week (see products).<\/p>\n<\/details>\n\n\n\n<hr class=\"wp-block-separator has-alpha-channel-opacity\"\/>\n\n\n\n<details class=\"wp-block-details has-large-font-size is-layout-flow wp-container-core-details-is-layout-5 wp-block-details-is-layout-flow\"><summary>What warranty do Toldos Corona products have?<\/summary>\n<p class=\"has-medium-font-size\">Toldos Corona offers a guarantee on its products. Depending on the material, the guarantee period will vary. <\/p>\n\n\n\n<p class=\"has-medium-font-size\"><strong>8 a\u00f1os<\/strong>&nbsp;Acrylic canvas color guarantee<\/p>\n\n\n\n<p class=\"has-medium-font-size translation-block\"><strong>5 years<\/strong> warranty on seams<\/p>\n\n\n\n<p class=\"has-medium-font-size translation-block\"><strong>3 years<\/strong> warranty on installation<\/p>\n\n\n\n<p class=\"has-medium-font-size translation-block\"><strong>2 years<\/strong> warranty on aluminum work<\/p>\n<\/details>\n<\/div>\n\n\n\n<div class=\"wp-block-column is-layout-flow wp-block-column-is-layout-flow\" style=\"flex-basis:15%\"><\/div>\n<\/div>\n\n\n\n<hr class=\"wp-block-separator has-alpha-channel-opacity is-style-dots\"\/>","protected":false},"excerpt":{"rendered":"<p>FAQ<\/p>","protected":false},"author":1,"featured_media":0,"parent":0,"menu_order":0,"comment_status":"closed","ping_status":"closed","template":"","meta":{"footnotes":""},"class_list":["post-113","page","type-page","status-publish","hentry"],"yoast_head":"<!-- This site is optimized with the Yoast SEO plugin v26.8 - https:\/\/yoast.com\/product\/yoast-seo-wordpress\/ -->\n<title>Preguntas frecuentes - Toldos Corona<\/title>\n<meta name=\"description\" content=\"Las preguntas o dudas m\u00e1s frecuentes de nuestros clientes las tienes en este espacio.\" \/>\n<meta name=\"robots\" content=\"index, follow, max-snippet:-1, max-image-preview:large, max-video-preview:-1\" \/>\n<link rel=\"canonical\" href=\"https:\/\/toldoscorona.es\/en\/preguntas-frecuentes\/\" \/>\n<meta property=\"og:locale\" content=\"en_GB\" \/>\n<meta property=\"og:type\" content=\"article\" \/>\n<meta property=\"og:title\" content=\"Preguntas frecuentes - Toldos Corona\" \/>\n<meta property=\"og:description\" content=\"Las preguntas o dudas m\u00e1s frecuentes de nuestros clientes las tienes en este espacio.\" \/>\n<meta property=\"og:url\" content=\"https:\/\/toldoscorona.es\/en\/preguntas-frecuentes\/\" \/>\n<meta property=\"og:site_name\" content=\"Toldos Corona\" \/>\n<meta property=\"article:publisher\" content=\"https:\/\/www.facebook.com\/p\/Toldos-Corona-100064004055766\/?locale=es_LA\" \/>\n<meta property=\"article:modified_time\" content=\"2025-02-27T01:16:08+00:00\" \/>\n<meta name=\"twitter:card\" content=\"summary_large_image\" \/>\n<meta name=\"twitter:site\" content=\"@toldoscoronasl\" \/>\n<meta name=\"twitter:label1\" content=\"Estimated reading time\" \/>\n\t<meta name=\"twitter:data1\" content=\"1 minute\" \/>\n<script type=\"application\/ld+json\" class=\"yoast-schema-graph\">{\"@context\":\"https:\/\/schema.org\",\"@graph\":[{\"@type\":\"WebPage\",\"@id\":\"https:\/\/toldoscorona.es\/preguntas-frecuentes\/\",\"url\":\"https:\/\/toldoscorona.es\/preguntas-frecuentes\/\",\"name\":\"Preguntas frecuentes - Toldos Corona\",\"isPartOf\":{\"@id\":\"https:\/\/toldoscorona.es\/#website\"},\"datePublished\":\"2024-12-30T12:55:13+00:00\",\"dateModified\":\"2025-02-27T01:16:08+00:00\",\"description\":\"Las preguntas o dudas m\u00e1s frecuentes de nuestros clientes las tienes en este espacio.\",\"breadcrumb\":{\"@id\":\"https:\/\/toldoscorona.es\/preguntas-frecuentes\/#breadcrumb\"},\"inLanguage\":\"en-GB\",\"potentialAction\":[{\"@type\":\"ReadAction\",\"target\":[\"https:\/\/toldoscorona.es\/preguntas-frecuentes\/\"]}]},{\"@type\":\"BreadcrumbList\",\"@id\":\"https:\/\/toldoscorona.es\/preguntas-frecuentes\/#breadcrumb\",\"itemListElement\":[{\"@type\":\"ListItem\",\"position\":1,\"name\":\"Portada\",\"item\":\"https:\/\/toldoscorona.es\/\"},{\"@type\":\"ListItem\",\"position\":2,\"name\":\"Preguntas frecuentes\"}]},{\"@type\":\"WebSite\",\"@id\":\"https:\/\/toldoscorona.es\/#website\",\"url\":\"https:\/\/toldoscorona.es\/\",\"name\":\"Toldos Corona\",\"description\":\"Toldos, p\u00e9rgolas, bioclim\u00e1ticas y mucho m\u00e1s.\",\"publisher\":{\"@id\":\"https:\/\/toldoscorona.es\/#organization\"},\"potentialAction\":[{\"@type\":\"SearchAction\",\"target\":{\"@type\":\"EntryPoint\",\"urlTemplate\":\"https:\/\/toldoscorona.es\/?s={search_term_string}\"},\"query-input\":{\"@type\":\"PropertyValueSpecification\",\"valueRequired\":true,\"valueName\":\"search_term_string\"}}],\"inLanguage\":\"en-GB\"},{\"@type\":\"Organization\",\"@id\":\"https:\/\/toldoscorona.es\/#organization\",\"name\":\"Toldos Corona 2015 SL\",\"url\":\"https:\/\/toldoscorona.es\/\",\"logo\":{\"@type\":\"ImageObject\",\"inLanguage\":\"en-GB\",\"@id\":\"https:\/\/toldoscorona.es\/#\/schema\/logo\/image\/\",\"url\":\"https:\/\/toldoscorona.es\/wp-content\/uploads\/2024\/12\/Logo-Corona-copia-scaled.jpg\",\"contentUrl\":\"https:\/\/toldoscorona.es\/wp-content\/uploads\/2024\/12\/Logo-Corona-copia-scaled.jpg\",\"width\":2560,\"height\":1635,\"caption\":\"Toldos Corona 2015 SL\"},\"image\":{\"@id\":\"https:\/\/toldoscorona.es\/#\/schema\/logo\/image\/\"},\"sameAs\":[\"https:\/\/www.facebook.com\/p\/Toldos-Corona-100064004055766\/?locale=es_LA\",\"https:\/\/x.com\/toldoscoronasl\",\"https:\/\/www.instagram.com\/toldoscoronasl\",\"https:\/\/www.tiktok.com\/@toldoscoronasl?_t=8sXGn6HKFf6&_r=1\"]}]}<\/script>\n<!-- \/ Yoast SEO plugin. -->","yoast_head_json":{"title":"Preguntas frecuentes - Toldos Corona","description":"Las preguntas o dudas m\u00e1s frecuentes de nuestros clientes las tienes en este espacio.","robots":{"index":"index","follow":"follow","max-snippet":"max-snippet:-1","max-image-preview":"max-image-preview:large","max-video-preview":"max-video-preview:-1"},"canonical":"https:\/\/toldoscorona.es\/en\/preguntas-frecuentes\/","og_locale":"en_GB","og_type":"article","og_title":"Preguntas frecuentes - Toldos Corona","og_description":"Las preguntas o dudas m\u00e1s frecuentes de nuestros clientes las tienes en este espacio.","og_url":"https:\/\/toldoscorona.es\/en\/preguntas-frecuentes\/","og_site_name":"Toldos Corona","article_publisher":"https:\/\/www.facebook.com\/p\/Toldos-Corona-100064004055766\/?locale=es_LA","article_modified_time":"2025-02-27T01:16:08+00:00","twitter_card":"summary_large_image","twitter_site":"@toldoscoronasl","twitter_misc":{"Estimated reading time":"1 minute"},"schema":{"@context":"https:\/\/schema.org","@graph":[{"@type":"WebPage","@id":"https:\/\/toldoscorona.es\/preguntas-frecuentes\/","url":"https:\/\/toldoscorona.es\/preguntas-frecuentes\/","name":"Preguntas frecuentes - Toldos Corona","isPartOf":{"@id":"https:\/\/toldoscorona.es\/#website"},"datePublished":"2024-12-30T12:55:13+00:00","dateModified":"2025-02-27T01:16:08+00:00","description":"Las preguntas o dudas m\u00e1s frecuentes de nuestros clientes las tienes en este espacio.","breadcrumb":{"@id":"https:\/\/toldoscorona.es\/preguntas-frecuentes\/#breadcrumb"},"inLanguage":"en-GB","potentialAction":[{"@type":"ReadAction","target":["https:\/\/toldoscorona.es\/preguntas-frecuentes\/"]}]},{"@type":"BreadcrumbList","@id":"https:\/\/toldoscorona.es\/preguntas-frecuentes\/#breadcrumb","itemListElement":[{"@type":"ListItem","position":1,"name":"Portada","item":"https:\/\/toldoscorona.es\/"},{"@type":"ListItem","position":2,"name":"Preguntas frecuentes"}]},{"@type":"WebSite","@id":"https:\/\/toldoscorona.es\/#website","url":"https:\/\/toldoscorona.es\/","name":"Toldos Corona","description":"Toldos, p\u00e9rgolas, bioclim\u00e1ticas y mucho m\u00e1s.","publisher":{"@id":"https:\/\/toldoscorona.es\/#organization"},"potentialAction":[{"@type":"SearchAction","target":{"@type":"EntryPoint","urlTemplate":"https:\/\/toldoscorona.es\/?s={search_term_string}"},"query-input":{"@type":"PropertyValueSpecification","valueRequired":true,"valueName":"search_term_string"}}],"inLanguage":"en-GB"},{"@type":"Organization","@id":"https:\/\/toldoscorona.es\/#organization","name":"Toldos Corona 2015 SL","url":"https:\/\/toldoscorona.es\/","logo":{"@type":"ImageObject","inLanguage":"en-GB","@id":"https:\/\/toldoscorona.es\/#\/schema\/logo\/image\/","url":"https:\/\/toldoscorona.es\/wp-content\/uploads\/2024\/12\/Logo-Corona-copia-scaled.jpg","contentUrl":"https:\/\/toldoscorona.es\/wp-content\/uploads\/2024\/12\/Logo-Corona-copia-scaled.jpg","width":2560,"height":1635,"caption":"Toldos Corona 2015 SL"},"image":{"@id":"https:\/\/toldoscorona.es\/#\/schema\/logo\/image\/"},"sameAs":["https:\/\/www.facebook.com\/p\/Toldos-Corona-100064004055766\/?locale=es_LA","https:\/\/x.com\/toldoscoronasl","https:\/\/www.instagram.com\/toldoscoronasl","https:\/\/www.tiktok.com\/@toldoscoronasl?_t=8sXGn6HKFf6&_r=1"]}]}},"_links":{"self":[{"href":"https:\/\/toldoscorona.es\/en\/wp-json\/wp\/v2\/pages\/113","targetHints":{"allow":["GET"]}}],"collection":[{"href":"https:\/\/toldoscorona.es\/en\/wp-json\/wp\/v2\/pages"}],"about":[{"href":"https:\/\/toldoscorona.es\/en\/wp-json\/wp\/v2\/types\/page"}],"author":[{"embeddable":true,"href":"https:\/\/toldoscorona.es\/en\/wp-json\/wp\/v2\/users\/1"}],"replies":[{"embeddable":true,"href":"https:\/\/toldoscorona.es\/en\/wp-json\/wp\/v2\/comments?post=113"}],"version-history":[{"count":16,"href":"https:\/\/toldoscorona.es\/en\/wp-json\/wp\/v2\/pages\/113\/revisions"}],"predecessor-version":[{"id":1773,"href":"https:\/\/toldoscorona.es\/en\/wp-json\/wp\/v2\/pages\/113\/revisions\/1773"}],"wp:attachment":[{"href":"https:\/\/toldoscorona.es\/en\/wp-json\/wp\/v2\/media?parent=113"}],"curies":[{"name":"wp","href":"https:\/\/api.w.org\/{rel}","templated":true}]}}