{"id":1737,"date":"2025-02-25T13:18:50","date_gmt":"2025-02-25T13:18:50","guid":{"rendered":"https:\/\/toldoscorona.es\/?page_id=1737"},"modified":"2025-04-21T02:48:55","modified_gmt":"2025-04-21T02:48:55","slug":"balcones","status":"publish","type":"page","link":"https:\/\/toldoscorona.es\/en\/productos\/toldos\/balcones\/","title":{"rendered":"Balcones"},"content":{"rendered":"<hr class=\"wp-block-separator alignfull has-alpha-channel-opacity\"\/>\n\n\n\n<div style=\"height:30px\" aria-hidden=\"true\" class=\"wp-block-spacer\"><\/div>\n\n\n\n<div class=\"wp-block-columns is-layout-flex wp-container-core-columns-is-layout-3 wp-block-columns-is-layout-flex\">\n<div class=\"wp-block-column is-vertically-aligned-center has-global-padding is-layout-constrained wp-block-column-is-layout-constrained\"><\/div>\n\n\n\n<div class=\"wp-block-column is-vertically-aligned-center is-layout-flow wp-block-column-is-layout-flow\" style=\"flex-basis:70%\">\n<figure class=\"wp-block-image aligncenter size-large is-resized\"><img loading=\"lazy\" decoding=\"async\" width=\"1024\" height=\"250\" src=\"https:\/\/toldoscorona.es\/wp-content\/uploads\/2025\/01\/stor-awnings-scaled.webp\" alt=\"\" class=\"wp-image-795\" style=\"width:auto;height:100px\" srcset=\"https:\/\/toldoscorona.es\/wp-content\/uploads\/2025\/01\/stor-awnings-scaled.webp 2560w, https:\/\/toldoscorona.es\/wp-content\/uploads\/2025\/01\/stor-awnings-600x182.webp 600w, https:\/\/toldoscorona.es\/wp-content\/uploads\/2025\/01\/stor-awnings-1024x311.webp 1024w, https:\/\/toldoscorona.es\/wp-content\/uploads\/2025\/01\/stor-awnings-768x233.webp 768w, https:\/\/toldoscorona.es\/wp-content\/uploads\/2025\/01\/stor-awnings-1536x466.webp 1536w, https:\/\/toldoscorona.es\/wp-content\/uploads\/2025\/01\/stor-awnings-2048x622.webp 2048w\" sizes=\"auto, (max-width: 1024px) 100vw, 1024px\" \/><\/figure>\n\n\n\n<div style=\"height:30px\" aria-hidden=\"true\" class=\"wp-block-spacer\"><\/div>\n\n\n\n<p class=\"has-medium-font-size translation-block\">The stor awning is a vertical curtain <strong>with short arms (50 cm)<\/strong>. When the awning is extended, these arms are anchored to supports that are fixed to the railing of the terrace or balcony. They are a good option against the sun, while allowing air to pass through.<\/p>\n\n\n\n<div class=\"wp-block-columns is-layout-flex wp-container-core-columns-is-layout-1 wp-block-columns-is-layout-flex\">\n<div class=\"wp-block-column is-layout-flow wp-block-column-is-layout-flow\">\n<figure data-wp-context=\"{&quot;imageId&quot;:&quot;69e67510a75ea&quot;}\" data-wp-interactive=\"core\/image\" class=\"wp-block-image size-full has-custom-border wp-lightbox-container\"><img loading=\"lazy\" decoding=\"async\" width=\"1485\" height=\"1091\" data-wp-class--hide=\"state.isContentHidden\" data-wp-class--show=\"state.isContentVisible\" data-wp-init=\"callbacks.setButtonStyles\" data-wp-on-async--click=\"actions.showLightbox\" data-wp-on-async--load=\"callbacks.setButtonStyles\" data-wp-on-async-window--resize=\"callbacks.setButtonStyles\" src=\"https:\/\/toldoscorona.es\/wp-content\/uploads\/2025\/02\/stor-gaviota_03.jpg\" alt=\"\" class=\"wp-image-1789\" style=\"border-radius:20px;box-shadow:var(--wp--preset--shadow--natural)\" srcset=\"https:\/\/toldoscorona.es\/wp-content\/uploads\/2025\/02\/stor-gaviota_03.jpg 1485w, https:\/\/toldoscorona.es\/wp-content\/uploads\/2025\/02\/stor-gaviota_03-600x441.jpg 600w, https:\/\/toldoscorona.es\/wp-content\/uploads\/2025\/02\/stor-gaviota_03-1024x752.jpg 1024w, https:\/\/toldoscorona.es\/wp-content\/uploads\/2025\/02\/stor-gaviota_03-768x564.jpg 768w, https:\/\/toldoscorona.es\/wp-content\/uploads\/2025\/02\/stor-gaviota_03-16x12.jpg 16w\" sizes=\"auto, (max-width: 1485px) 100vw, 1485px\" \/><button\n\t\t\tclass=\"lightbox-trigger\"\n\t\t\ttype=\"button\"\n\t\t\taria-haspopup=\"dialog\"\n\t\t\taria-label=\"Enlarge image\"\n\t\t\tdata-wp-init=\"callbacks.initTriggerButton\"\n\t\t\tdata-wp-on-async--click=\"actions.showLightbox\"\n\t\t\tdata-wp-style--right=\"state.imageButtonRight\"\n\t\t\tdata-wp-style--top=\"state.imageButtonTop\"\n\t\t>\n\t\t\t<svg xmlns=\"http:\/\/www.w3.org\/2000\/svg\" width=\"12\" height=\"12\" fill=\"none\" viewbox=\"0 0 12 12\">\n\t\t\t\t<path fill=\"#fff\" d=\"M2 0a2 2 0 0 0-2 2v2h1.5V2a.5.5 0 0 1 .5-.5h2V0H2Zm2 10.5H2a.5.5 0 0 1-.5-.5V8H0v2a2 2 0 0 0 2 2h2v-1.5ZM8 12v-1.5h2a.5.5 0 0 0 .5-.5V8H12v2a2 2 0 0 1-2 2H8Zm2-12a2 2 0 0 1 2 2v2h-1.5V2a.5.5 0 0 0-.5-.5H8V0h2Z\" \/>\n\t\t\t<\/svg>\n\t\t<\/button><\/figure>\n<\/div>\n\n\n\n<div class=\"wp-block-column is-layout-flow wp-block-column-is-layout-flow\">\n<figure data-wp-context=\"{&quot;imageId&quot;:&quot;69e67510a7ad2&quot;}\" data-wp-interactive=\"core\/image\" class=\"wp-block-image size-full has-custom-border wp-lightbox-container\"><img loading=\"lazy\" decoding=\"async\" width=\"1485\" height=\"1091\" data-wp-class--hide=\"state.isContentHidden\" data-wp-class--show=\"state.isContentVisible\" data-wp-init=\"callbacks.setButtonStyles\" data-wp-on-async--click=\"actions.showLightbox\" data-wp-on-async--load=\"callbacks.setButtonStyles\" data-wp-on-async-window--resize=\"callbacks.setButtonStyles\" src=\"https:\/\/toldoscorona.es\/wp-content\/uploads\/2025\/02\/stor-gaviota_04.jpg\" alt=\"\" class=\"wp-image-1790\" style=\"border-radius:20px;box-shadow:var(--wp--preset--shadow--natural)\" srcset=\"https:\/\/toldoscorona.es\/wp-content\/uploads\/2025\/02\/stor-gaviota_04.jpg 1485w, https:\/\/toldoscorona.es\/wp-content\/uploads\/2025\/02\/stor-gaviota_04-600x441.jpg 600w, https:\/\/toldoscorona.es\/wp-content\/uploads\/2025\/02\/stor-gaviota_04-1024x752.jpg 1024w, https:\/\/toldoscorona.es\/wp-content\/uploads\/2025\/02\/stor-gaviota_04-768x564.jpg 768w, https:\/\/toldoscorona.es\/wp-content\/uploads\/2025\/02\/stor-gaviota_04-16x12.jpg 16w\" sizes=\"auto, (max-width: 1485px) 100vw, 1485px\" \/><button\n\t\t\tclass=\"lightbox-trigger\"\n\t\t\ttype=\"button\"\n\t\t\taria-haspopup=\"dialog\"\n\t\t\taria-label=\"Enlarge image\"\n\t\t\tdata-wp-init=\"callbacks.initTriggerButton\"\n\t\t\tdata-wp-on-async--click=\"actions.showLightbox\"\n\t\t\tdata-wp-style--right=\"state.imageButtonRight\"\n\t\t\tdata-wp-style--top=\"state.imageButtonTop\"\n\t\t>\n\t\t\t<svg xmlns=\"http:\/\/www.w3.org\/2000\/svg\" width=\"12\" height=\"12\" fill=\"none\" viewbox=\"0 0 12 12\">\n\t\t\t\t<path fill=\"#fff\" d=\"M2 0a2 2 0 0 0-2 2v2h1.5V2a.5.5 0 0 1 .5-.5h2V0H2Zm2 10.5H2a.5.5 0 0 1-.5-.5V8H0v2a2 2 0 0 0 2 2h2v-1.5ZM8 12v-1.5h2a.5.5 0 0 0 .5-.5V8H12v2a2 2 0 0 1-2 2H8Zm2-12a2 2 0 0 1 2 2v2h-1.5V2a.5.5 0 0 0-.5-.5H8V0h2Z\" \/>\n\t\t\t<\/svg>\n\t\t<\/button><\/figure>\n<\/div>\n<\/div>\n\n\n\n<p><\/p>\n\n\n\n<div class=\"wp-block-columns is-layout-flex wp-container-core-columns-is-layout-2 wp-block-columns-is-layout-flex\">\n<div class=\"wp-block-column is-layout-flow wp-block-column-is-layout-flow\">\n<figure data-wp-context=\"{&quot;imageId&quot;:&quot;69e67510a808d&quot;}\" data-wp-interactive=\"core\/image\" class=\"wp-block-image size-large has-custom-border wp-lightbox-container\"><img loading=\"lazy\" decoding=\"async\" width=\"1024\" height=\"752\" data-wp-class--hide=\"state.isContentHidden\" data-wp-class--show=\"state.isContentVisible\" data-wp-init=\"callbacks.setButtonStyles\" data-wp-on-async--click=\"actions.showLightbox\" data-wp-on-async--load=\"callbacks.setButtonStyles\" data-wp-on-async-window--resize=\"callbacks.setButtonStyles\" src=\"https:\/\/toldoscorona.es\/wp-content\/uploads\/2025\/02\/stor-gaviota_01-1024x752.jpg\" alt=\"\" class=\"wp-image-1785\" style=\"border-radius:20px;box-shadow:var(--wp--preset--shadow--natural)\" srcset=\"https:\/\/toldoscorona.es\/wp-content\/uploads\/2025\/02\/stor-gaviota_01-1024x752.jpg 1024w, https:\/\/toldoscorona.es\/wp-content\/uploads\/2025\/02\/stor-gaviota_01-600x441.jpg 600w, https:\/\/toldoscorona.es\/wp-content\/uploads\/2025\/02\/stor-gaviota_01-768x564.jpg 768w, https:\/\/toldoscorona.es\/wp-content\/uploads\/2025\/02\/stor-gaviota_01-16x12.jpg 16w, https:\/\/toldoscorona.es\/wp-content\/uploads\/2025\/02\/stor-gaviota_01.jpg 1485w\" sizes=\"auto, (max-width: 1024px) 100vw, 1024px\" \/><button\n\t\t\tclass=\"lightbox-trigger\"\n\t\t\ttype=\"button\"\n\t\t\taria-haspopup=\"dialog\"\n\t\t\taria-label=\"Enlarge image\"\n\t\t\tdata-wp-init=\"callbacks.initTriggerButton\"\n\t\t\tdata-wp-on-async--click=\"actions.showLightbox\"\n\t\t\tdata-wp-style--right=\"state.imageButtonRight\"\n\t\t\tdata-wp-style--top=\"state.imageButtonTop\"\n\t\t>\n\t\t\t<svg xmlns=\"http:\/\/www.w3.org\/2000\/svg\" width=\"12\" height=\"12\" fill=\"none\" viewbox=\"0 0 12 12\">\n\t\t\t\t<path fill=\"#fff\" d=\"M2 0a2 2 0 0 0-2 2v2h1.5V2a.5.5 0 0 1 .5-.5h2V0H2Zm2 10.5H2a.5.5 0 0 1-.5-.5V8H0v2a2 2 0 0 0 2 2h2v-1.5ZM8 12v-1.5h2a.5.5 0 0 0 .5-.5V8H12v2a2 2 0 0 1-2 2H8Zm2-12a2 2 0 0 1 2 2v2h-1.5V2a.5.5 0 0 0-.5-.5H8V0h2Z\" \/>\n\t\t\t<\/svg>\n\t\t<\/button><\/figure>\n<\/div>\n\n\n\n<div class=\"wp-block-column is-layout-flow wp-block-column-is-layout-flow\">\n<figure data-wp-context=\"{&quot;imageId&quot;:&quot;69e67510a848c&quot;}\" data-wp-interactive=\"core\/image\" class=\"wp-block-image size-large has-custom-border wp-lightbox-container\"><img loading=\"lazy\" decoding=\"async\" width=\"1024\" height=\"752\" data-wp-class--hide=\"state.isContentHidden\" data-wp-class--show=\"state.isContentVisible\" data-wp-init=\"callbacks.setButtonStyles\" data-wp-on-async--click=\"actions.showLightbox\" data-wp-on-async--load=\"callbacks.setButtonStyles\" data-wp-on-async-window--resize=\"callbacks.setButtonStyles\" src=\"https:\/\/toldoscorona.es\/wp-content\/uploads\/2025\/02\/stor-gaviota_02-1024x752.jpg\" alt=\"\" class=\"wp-image-1786\" style=\"border-radius:20px;box-shadow:var(--wp--preset--shadow--natural)\" srcset=\"https:\/\/toldoscorona.es\/wp-content\/uploads\/2025\/02\/stor-gaviota_02-1024x752.jpg 1024w, https:\/\/toldoscorona.es\/wp-content\/uploads\/2025\/02\/stor-gaviota_02-600x441.jpg 600w, https:\/\/toldoscorona.es\/wp-content\/uploads\/2025\/02\/stor-gaviota_02-768x564.jpg 768w, https:\/\/toldoscorona.es\/wp-content\/uploads\/2025\/02\/stor-gaviota_02-16x12.jpg 16w, https:\/\/toldoscorona.es\/wp-content\/uploads\/2025\/02\/stor-gaviota_02.jpg 1485w\" sizes=\"auto, (max-width: 1024px) 100vw, 1024px\" \/><button\n\t\t\tclass=\"lightbox-trigger\"\n\t\t\ttype=\"button\"\n\t\t\taria-haspopup=\"dialog\"\n\t\t\taria-label=\"Enlarge image\"\n\t\t\tdata-wp-init=\"callbacks.initTriggerButton\"\n\t\t\tdata-wp-on-async--click=\"actions.showLightbox\"\n\t\t\tdata-wp-style--right=\"state.imageButtonRight\"\n\t\t\tdata-wp-style--top=\"state.imageButtonTop\"\n\t\t>\n\t\t\t<svg xmlns=\"http:\/\/www.w3.org\/2000\/svg\" width=\"12\" height=\"12\" fill=\"none\" viewbox=\"0 0 12 12\">\n\t\t\t\t<path fill=\"#fff\" d=\"M2 0a2 2 0 0 0-2 2v2h1.5V2a.5.5 0 0 1 .5-.5h2V0H2Zm2 10.5H2a.5.5 0 0 1-.5-.5V8H0v2a2 2 0 0 0 2 2h2v-1.5ZM8 12v-1.5h2a.5.5 0 0 0 .5-.5V8H12v2a2 2 0 0 1-2 2H8Zm2-12a2 2 0 0 1 2 2v2h-1.5V2a.5.5 0 0 0-.5-.5H8V0h2Z\" \/>\n\t\t\t<\/svg>\n\t\t<\/button><\/figure>\n<\/div>\n<\/div>\n\n\n\n<div style=\"height:30px\" aria-hidden=\"true\" class=\"wp-block-spacer\"><\/div>\n\n\n\n<hr class=\"wp-block-separator has-alpha-channel-opacity is-style-dots\"\/>\n<\/div>\n\n\n\n<div class=\"wp-block-column is-vertically-aligned-center has-global-padding is-layout-constrained wp-block-column-is-layout-constrained\"><\/div>\n<\/div>\n\n\n\n<p class=\"has-accent-6-color has-text-color has-link-color wp-elements-0420628142a00eaac8f2384846d5994e\">.<\/p>","protected":false},"excerpt":{"rendered":"<p>El toldo stor es un tel\u00f3n vertical &nbsp;con unos brazos cortos (50 cm). Cuando el toldo se extiende estos brazos se anclan a unos soportes que se encuentran fijados a la barandilla de la terraza o balc\u00f3n. Son una buena opci\u00f3n contra el sol, al mismo tiempo que dejan pasar el aire. .<\/p>","protected":false},"author":1,"featured_media":0,"parent":87,"menu_order":0,"comment_status":"closed","ping_status":"closed","template":"","meta":{"footnotes":""},"class_list":["post-1737","page","type-page","status-publish","hentry"],"yoast_head":"<!-- This site is optimized with the Yoast SEO plugin v26.8 - https:\/\/yoast.com\/product\/yoast-seo-wordpress\/ -->\n<title>Balcones - Toldos Corona<\/title>\n<meta name=\"description\" content=\"El toldo stor es un tel\u00f3n vertical \u00a0con unos brazos cortos que se anclan a unos soportes que se encuentran fijados a la barandilla de la terraza o balc\u00f3n. Son una buena opci\u00f3n contra el sol, al mismo tiempo que dejan pasar el aire.\" \/>\n<meta name=\"robots\" content=\"index, follow, max-snippet:-1, max-image-preview:large, max-video-preview:-1\" \/>\n<link rel=\"canonical\" href=\"https:\/\/toldoscorona.es\/en\/productos\/toldos\/balcones\/\" \/>\n<meta property=\"og:locale\" content=\"en_GB\" \/>\n<meta property=\"og:type\" content=\"article\" \/>\n<meta property=\"og:title\" content=\"Balcones - Toldos Corona\" \/>\n<meta property=\"og:description\" content=\"El toldo stor es un tel\u00f3n vertical \u00a0con unos brazos cortos que se anclan a unos soportes que se encuentran fijados a la barandilla de la terraza o balc\u00f3n. Son una buena opci\u00f3n contra el sol, al mismo tiempo que dejan pasar el aire.\" \/>\n<meta property=\"og:url\" content=\"https:\/\/toldoscorona.es\/en\/productos\/toldos\/balcones\/\" \/>\n<meta property=\"og:site_name\" content=\"Toldos Corona\" \/>\n<meta property=\"article:publisher\" content=\"https:\/\/www.facebook.com\/p\/Toldos-Corona-100064004055766\/?locale=es_LA\" \/>\n<meta property=\"article:modified_time\" content=\"2025-04-21T02:48:55+00:00\" \/>\n<meta property=\"og:image\" content=\"https:\/\/toldoscorona.es\/wp-content\/uploads\/2025\/01\/h1-parrafo-stor-scaled.webp\" \/>\n\t<meta property=\"og:image:width\" content=\"2560\" \/>\n\t<meta property=\"og:image:height\" content=\"625\" \/>\n\t<meta property=\"og:image:type\" content=\"image\/webp\" \/>\n<meta name=\"twitter:card\" content=\"summary_large_image\" \/>\n<meta name=\"twitter:site\" content=\"@toldoscoronasl\" \/>\n<meta name=\"twitter:label1\" content=\"Estimated reading time\" \/>\n\t<meta name=\"twitter:data1\" content=\"2 minutes\" \/>\n<script type=\"application\/ld+json\" class=\"yoast-schema-graph\">{\"@context\":\"https:\/\/schema.org\",\"@graph\":[{\"@type\":\"WebPage\",\"@id\":\"https:\/\/toldoscorona.es\/productos\/toldos\/balcones\/\",\"url\":\"https:\/\/toldoscorona.es\/productos\/toldos\/balcones\/\",\"name\":\"Balcones - Toldos Corona\",\"isPartOf\":{\"@id\":\"https:\/\/toldoscorona.es\/#website\"},\"primaryImageOfPage\":{\"@id\":\"https:\/\/toldoscorona.es\/productos\/toldos\/balcones\/#primaryimage\"},\"image\":{\"@id\":\"https:\/\/toldoscorona.es\/productos\/toldos\/balcones\/#primaryimage\"},\"thumbnailUrl\":\"https:\/\/toldoscorona.es\/wp-content\/uploads\/2025\/01\/h1-parrafo-stor-1024x250.webp\",\"datePublished\":\"2025-02-25T13:18:50+00:00\",\"dateModified\":\"2025-04-21T02:48:55+00:00\",\"description\":\"El toldo stor es un tel\u00f3n vertical \u00a0con unos brazos cortos que se anclan a unos soportes que se encuentran fijados a la barandilla de la terraza o balc\u00f3n. Son una buena opci\u00f3n contra el sol, al mismo tiempo que dejan pasar el aire.\",\"breadcrumb\":{\"@id\":\"https:\/\/toldoscorona.es\/productos\/toldos\/balcones\/#breadcrumb\"},\"inLanguage\":\"en-GB\",\"potentialAction\":[{\"@type\":\"ReadAction\",\"target\":[\"https:\/\/toldoscorona.es\/productos\/toldos\/balcones\/\"]}]},{\"@type\":\"ImageObject\",\"inLanguage\":\"en-GB\",\"@id\":\"https:\/\/toldoscorona.es\/productos\/toldos\/balcones\/#primaryimage\",\"url\":\"https:\/\/toldoscorona.es\/wp-content\/uploads\/2025\/01\/h1-parrafo-stor-1024x250.webp\",\"contentUrl\":\"https:\/\/toldoscorona.es\/wp-content\/uploads\/2025\/01\/h1-parrafo-stor-1024x250.webp\"},{\"@type\":\"BreadcrumbList\",\"@id\":\"https:\/\/toldoscorona.es\/productos\/toldos\/balcones\/#breadcrumb\",\"itemListElement\":[{\"@type\":\"ListItem\",\"position\":1,\"name\":\"Portada\",\"item\":\"https:\/\/toldoscorona.es\/\"},{\"@type\":\"ListItem\",\"position\":2,\"name\":\"PRODUCTOS\",\"item\":\"https:\/\/toldoscorona.es\/productos\/\"},{\"@type\":\"ListItem\",\"position\":3,\"name\":\"TOLDOS\",\"item\":\"https:\/\/toldoscorona.es\/productos\/toldos\/\"},{\"@type\":\"ListItem\",\"position\":4,\"name\":\"Balcones\"}]},{\"@type\":\"WebSite\",\"@id\":\"https:\/\/toldoscorona.es\/#website\",\"url\":\"https:\/\/toldoscorona.es\/\",\"name\":\"Toldos Corona\",\"description\":\"Toldos, p\u00e9rgolas, bioclim\u00e1ticas y mucho m\u00e1s.\",\"publisher\":{\"@id\":\"https:\/\/toldoscorona.es\/#organization\"},\"potentialAction\":[{\"@type\":\"SearchAction\",\"target\":{\"@type\":\"EntryPoint\",\"urlTemplate\":\"https:\/\/toldoscorona.es\/?s={search_term_string}\"},\"query-input\":{\"@type\":\"PropertyValueSpecification\",\"valueRequired\":true,\"valueName\":\"search_term_string\"}}],\"inLanguage\":\"en-GB\"},{\"@type\":\"Organization\",\"@id\":\"https:\/\/toldoscorona.es\/#organization\",\"name\":\"Toldos Corona 2015 SL\",\"url\":\"https:\/\/toldoscorona.es\/\",\"logo\":{\"@type\":\"ImageObject\",\"inLanguage\":\"en-GB\",\"@id\":\"https:\/\/toldoscorona.es\/#\/schema\/logo\/image\/\",\"url\":\"https:\/\/toldoscorona.es\/wp-content\/uploads\/2024\/12\/Logo-Corona-copia-scaled.jpg\",\"contentUrl\":\"https:\/\/toldoscorona.es\/wp-content\/uploads\/2024\/12\/Logo-Corona-copia-scaled.jpg\",\"width\":2560,\"height\":1635,\"caption\":\"Toldos Corona 2015 SL\"},\"image\":{\"@id\":\"https:\/\/toldoscorona.es\/#\/schema\/logo\/image\/\"},\"sameAs\":[\"https:\/\/www.facebook.com\/p\/Toldos-Corona-100064004055766\/?locale=es_LA\",\"https:\/\/x.com\/toldoscoronasl\",\"https:\/\/www.instagram.com\/toldoscoronasl\",\"https:\/\/www.tiktok.com\/@toldoscoronasl?_t=8sXGn6HKFf6&_r=1\"]}]}<\/script>\n<!-- \/ Yoast SEO plugin. -->","yoast_head_json":{"title":"Balcones - Toldos Corona","description":"El toldo stor es un tel\u00f3n vertical \u00a0con unos brazos cortos que se anclan a unos soportes que se encuentran fijados a la barandilla de la terraza o balc\u00f3n. Son una buena opci\u00f3n contra el sol, al mismo tiempo que dejan pasar el aire.","robots":{"index":"index","follow":"follow","max-snippet":"max-snippet:-1","max-image-preview":"max-image-preview:large","max-video-preview":"max-video-preview:-1"},"canonical":"https:\/\/toldoscorona.es\/en\/productos\/toldos\/balcones\/","og_locale":"en_GB","og_type":"article","og_title":"Balcones - Toldos Corona","og_description":"El toldo stor es un tel\u00f3n vertical \u00a0con unos brazos cortos que se anclan a unos soportes que se encuentran fijados a la barandilla de la terraza o balc\u00f3n. Son una buena opci\u00f3n contra el sol, al mismo tiempo que dejan pasar el aire.","og_url":"https:\/\/toldoscorona.es\/en\/productos\/toldos\/balcones\/","og_site_name":"Toldos Corona","article_publisher":"https:\/\/www.facebook.com\/p\/Toldos-Corona-100064004055766\/?locale=es_LA","article_modified_time":"2025-04-21T02:48:55+00:00","og_image":[{"width":2560,"height":625,"url":"https:\/\/toldoscorona.es\/wp-content\/uploads\/2025\/01\/h1-parrafo-stor-scaled.webp","type":"image\/webp"}],"twitter_card":"summary_large_image","twitter_site":"@toldoscoronasl","twitter_misc":{"Estimated reading time":"2 minutes"},"schema":{"@context":"https:\/\/schema.org","@graph":[{"@type":"WebPage","@id":"https:\/\/toldoscorona.es\/productos\/toldos\/balcones\/","url":"https:\/\/toldoscorona.es\/productos\/toldos\/balcones\/","name":"Balcones - Toldos Corona","isPartOf":{"@id":"https:\/\/toldoscorona.es\/#website"},"primaryImageOfPage":{"@id":"https:\/\/toldoscorona.es\/productos\/toldos\/balcones\/#primaryimage"},"image":{"@id":"https:\/\/toldoscorona.es\/productos\/toldos\/balcones\/#primaryimage"},"thumbnailUrl":"https:\/\/toldoscorona.es\/wp-content\/uploads\/2025\/01\/h1-parrafo-stor-1024x250.webp","datePublished":"2025-02-25T13:18:50+00:00","dateModified":"2025-04-21T02:48:55+00:00","description":"El toldo stor es un tel\u00f3n vertical \u00a0con unos brazos cortos que se anclan a unos soportes que se encuentran fijados a la barandilla de la terraza o balc\u00f3n. Son una buena opci\u00f3n contra el sol, al mismo tiempo que dejan pasar el aire.","breadcrumb":{"@id":"https:\/\/toldoscorona.es\/productos\/toldos\/balcones\/#breadcrumb"},"inLanguage":"en-GB","potentialAction":[{"@type":"ReadAction","target":["https:\/\/toldoscorona.es\/productos\/toldos\/balcones\/"]}]},{"@type":"ImageObject","inLanguage":"en-GB","@id":"https:\/\/toldoscorona.es\/productos\/toldos\/balcones\/#primaryimage","url":"https:\/\/toldoscorona.es\/wp-content\/uploads\/2025\/01\/h1-parrafo-stor-1024x250.webp","contentUrl":"https:\/\/toldoscorona.es\/wp-content\/uploads\/2025\/01\/h1-parrafo-stor-1024x250.webp"},{"@type":"BreadcrumbList","@id":"https:\/\/toldoscorona.es\/productos\/toldos\/balcones\/#breadcrumb","itemListElement":[{"@type":"ListItem","position":1,"name":"Portada","item":"https:\/\/toldoscorona.es\/"},{"@type":"ListItem","position":2,"name":"PRODUCTOS","item":"https:\/\/toldoscorona.es\/productos\/"},{"@type":"ListItem","position":3,"name":"TOLDOS","item":"https:\/\/toldoscorona.es\/productos\/toldos\/"},{"@type":"ListItem","position":4,"name":"Balcones"}]},{"@type":"WebSite","@id":"https:\/\/toldoscorona.es\/#website","url":"https:\/\/toldoscorona.es\/","name":"Toldos Corona","description":"Toldos, p\u00e9rgolas, bioclim\u00e1ticas y mucho m\u00e1s.","publisher":{"@id":"https:\/\/toldoscorona.es\/#organization"},"potentialAction":[{"@type":"SearchAction","target":{"@type":"EntryPoint","urlTemplate":"https:\/\/toldoscorona.es\/?s={search_term_string}"},"query-input":{"@type":"PropertyValueSpecification","valueRequired":true,"valueName":"search_term_string"}}],"inLanguage":"en-GB"},{"@type":"Organization","@id":"https:\/\/toldoscorona.es\/#organization","name":"Toldos Corona 2015 SL","url":"https:\/\/toldoscorona.es\/","logo":{"@type":"ImageObject","inLanguage":"en-GB","@id":"https:\/\/toldoscorona.es\/#\/schema\/logo\/image\/","url":"https:\/\/toldoscorona.es\/wp-content\/uploads\/2024\/12\/Logo-Corona-copia-scaled.jpg","contentUrl":"https:\/\/toldoscorona.es\/wp-content\/uploads\/2024\/12\/Logo-Corona-copia-scaled.jpg","width":2560,"height":1635,"caption":"Toldos Corona 2015 SL"},"image":{"@id":"https:\/\/toldoscorona.es\/#\/schema\/logo\/image\/"},"sameAs":["https:\/\/www.facebook.com\/p\/Toldos-Corona-100064004055766\/?locale=es_LA","https:\/\/x.com\/toldoscoronasl","https:\/\/www.instagram.com\/toldoscoronasl","https:\/\/www.tiktok.com\/@toldoscoronasl?_t=8sXGn6HKFf6&_r=1"]}]}},"_links":{"self":[{"href":"https:\/\/toldoscorona.es\/en\/wp-json\/wp\/v2\/pages\/1737","targetHints":{"allow":["GET"]}}],"collection":[{"href":"https:\/\/toldoscorona.es\/en\/wp-json\/wp\/v2\/pages"}],"about":[{"href":"https:\/\/toldoscorona.es\/en\/wp-json\/wp\/v2\/types\/page"}],"author":[{"embeddable":true,"href":"https:\/\/toldoscorona.es\/en\/wp-json\/wp\/v2\/users\/1"}],"replies":[{"embeddable":true,"href":"https:\/\/toldoscorona.es\/en\/wp-json\/wp\/v2\/comments?post=1737"}],"version-history":[{"count":14,"href":"https:\/\/toldoscorona.es\/en\/wp-json\/wp\/v2\/pages\/1737\/revisions"}],"predecessor-version":[{"id":2303,"href":"https:\/\/toldoscorona.es\/en\/wp-json\/wp\/v2\/pages\/1737\/revisions\/2303"}],"up":[{"embeddable":true,"href":"https:\/\/toldoscorona.es\/en\/wp-json\/wp\/v2\/pages\/87"}],"wp:attachment":[{"href":"https:\/\/toldoscorona.es\/en\/wp-json\/wp\/v2\/media?parent=1737"}],"curies":[{"name":"wp","href":"https:\/\/api.w.org\/{rel}","templated":true}]}}