{"id":21,"date":"2024-12-30T03:26:05","date_gmt":"2024-12-30T03:26:05","guid":{"rendered":"https:\/\/toldoscorona.es\/?page_id=21"},"modified":"2025-05-12T12:49:54","modified_gmt":"2025-05-12T12:49:54","slug":"productos","status":"publish","type":"page","link":"https:\/\/toldoscorona.es\/en\/productos\/","title":{"rendered":"PRODUCTOS"},"content":{"rendered":"<hr class=\"wp-block-separator alignfull has-alpha-channel-opacity\"\/>\n\n\n\n<div style=\"height:40px\" aria-hidden=\"true\" class=\"wp-block-spacer\"><\/div>\n\n\n\n<div class=\"wp-block-columns is-layout-flex wp-container-core-columns-is-layout-1 wp-block-columns-is-layout-flex\">\n<div class=\"wp-block-column is-vertically-aligned-top has-global-padding is-layout-constrained wp-block-column-is-layout-constrained\">\n<figure class=\"wp-block-image aligncenter size-large is-resized\"><img loading=\"lazy\" decoding=\"async\" width=\"1024\" height=\"311\" src=\"https:\/\/toldoscorona.es\/wp-content\/uploads\/2025\/01\/awnings-scaled.webp\" alt=\"\" class=\"wp-image-838\" style=\"width:auto;height:80px\" srcset=\"https:\/\/toldoscorona.es\/wp-content\/uploads\/2025\/01\/awnings-scaled.webp 2560w, https:\/\/toldoscorona.es\/wp-content\/uploads\/2025\/01\/awnings-600x182.webp 600w, https:\/\/toldoscorona.es\/wp-content\/uploads\/2025\/01\/awnings-1024x311.webp 1024w, https:\/\/toldoscorona.es\/wp-content\/uploads\/2025\/01\/awnings-768x233.webp 768w, https:\/\/toldoscorona.es\/wp-content\/uploads\/2025\/01\/awnings-1536x466.webp 1536w, https:\/\/toldoscorona.es\/wp-content\/uploads\/2025\/01\/awnings-2048x622.webp 2048w\" sizes=\"auto, (max-width: 1024px) 100vw, 1024px\" \/><\/figure>\n\n\n\n<figure class=\"wp-block-image aligncenter size-full has-custom-border hvr-grow-shadow\"><a href=\"https:\/\/toldoscorona.es\/en\/productos\/toldos\/\"><img loading=\"lazy\" decoding=\"async\" width=\"1485\" height=\"1091\" src=\"https:\/\/toldoscorona.es\/wp-content\/uploads\/2025\/01\/Toldos.webp\" alt=\"\" class=\"wp-image-256\" style=\"border-radius:25px;box-shadow:var(--wp--preset--shadow--natural);object-fit:cover\" srcset=\"https:\/\/toldoscorona.es\/wp-content\/uploads\/2025\/01\/Toldos.webp 1485w, https:\/\/toldoscorona.es\/wp-content\/uploads\/2025\/01\/Toldos-600x441.webp 600w, https:\/\/toldoscorona.es\/wp-content\/uploads\/2025\/01\/Toldos-1024x752.webp 1024w, https:\/\/toldoscorona.es\/wp-content\/uploads\/2025\/01\/Toldos-768x564.webp 768w\" sizes=\"auto, (max-width: 1485px) 100vw, 1485px\" \/><\/a><\/figure>\n<\/div>\n\n\n\n<div class=\"wp-block-column is-vertically-aligned-top has-global-padding is-layout-constrained wp-block-column-is-layout-constrained\">\n<figure class=\"wp-block-image aligncenter size-large is-resized\"><img loading=\"lazy\" decoding=\"async\" width=\"1024\" height=\"250\" src=\"https:\/\/toldoscorona.es\/wp-content\/uploads\/2025\/02\/palilleria-scaled.webp\" alt=\"\" class=\"wp-image-836\" style=\"width:auto;height:80px\" srcset=\"https:\/\/toldoscorona.es\/wp-content\/uploads\/2025\/02\/palilleria-scaled.webp 2560w, https:\/\/toldoscorona.es\/wp-content\/uploads\/2025\/02\/palilleria-600x182.webp 600w, https:\/\/toldoscorona.es\/wp-content\/uploads\/2025\/02\/palilleria-1024x311.webp 1024w, https:\/\/toldoscorona.es\/wp-content\/uploads\/2025\/02\/palilleria-768x233.webp 768w, https:\/\/toldoscorona.es\/wp-content\/uploads\/2025\/02\/palilleria-1536x466.webp 1536w, https:\/\/toldoscorona.es\/wp-content\/uploads\/2025\/02\/palilleria-2048x622.webp 2048w, https:\/\/toldoscorona.es\/wp-content\/uploads\/2025\/02\/palilleria-18x5.webp 18w\" sizes=\"auto, (max-width: 1024px) 100vw, 1024px\" \/><\/figure>\n\n\n\n<figure class=\"wp-block-image aligncenter size-full has-custom-border hvr-grow-shadow\"><a href=\"https:\/\/toldoscorona.es\/en\/productos\/toldos-palilleria\/\"><img loading=\"lazy\" decoding=\"async\" width=\"1485\" height=\"1091\" src=\"https:\/\/toldoscorona.es\/wp-content\/uploads\/2025\/01\/PALILLERIA-1.webp\" alt=\"\" class=\"wp-image-407\" style=\"border-radius:25px;box-shadow:var(--wp--preset--shadow--natural);object-fit:cover\" srcset=\"https:\/\/toldoscorona.es\/wp-content\/uploads\/2025\/01\/PALILLERIA-1.webp 1485w, https:\/\/toldoscorona.es\/wp-content\/uploads\/2025\/01\/PALILLERIA-1-600x441.webp 600w, https:\/\/toldoscorona.es\/wp-content\/uploads\/2025\/01\/PALILLERIA-1-1024x752.webp 1024w, https:\/\/toldoscorona.es\/wp-content\/uploads\/2025\/01\/PALILLERIA-1-768x564.webp 768w\" sizes=\"auto, (max-width: 1485px) 100vw, 1485px\" \/><\/a><\/figure>\n<\/div>\n<\/div>\n\n\n\n<div style=\"height:30px\" aria-hidden=\"true\" class=\"wp-block-spacer\"><\/div>\n\n\n\n<div class=\"wp-block-columns is-layout-flex wp-container-core-columns-is-layout-2 wp-block-columns-is-layout-flex\">\n<div class=\"wp-block-column is-vertically-aligned-top has-global-padding is-layout-constrained wp-block-column-is-layout-constrained\">\n<figure class=\"wp-block-image aligncenter size-large is-resized\"><img loading=\"lazy\" decoding=\"async\" width=\"1024\" height=\"311\" src=\"https:\/\/toldoscorona.es\/wp-content\/uploads\/2025\/01\/pergola-moderna-1024x311.webp\" alt=\"\" class=\"wp-image-839\" style=\"width:auto;height:80px\" srcset=\"https:\/\/toldoscorona.es\/wp-content\/uploads\/2025\/01\/pergola-moderna-1024x311.webp 1024w, https:\/\/toldoscorona.es\/wp-content\/uploads\/2025\/01\/pergola-moderna-600x182.webp 600w, https:\/\/toldoscorona.es\/wp-content\/uploads\/2025\/01\/pergola-moderna-768x233.webp 768w, https:\/\/toldoscorona.es\/wp-content\/uploads\/2025\/01\/pergola-moderna-1536x466.webp 1536w, https:\/\/toldoscorona.es\/wp-content\/uploads\/2025\/01\/pergola-moderna-2048x622.webp 2048w\" sizes=\"auto, (max-width: 1024px) 100vw, 1024px\" \/><\/figure>\n\n\n\n<figure class=\"wp-block-image aligncenter size-full has-custom-border hvr-grow-shadow\"><a href=\"https:\/\/toldoscorona.es\/en\/productos\/pergolas\/\"><img loading=\"lazy\" decoding=\"async\" width=\"1485\" height=\"1091\" src=\"https:\/\/toldoscorona.es\/wp-content\/uploads\/2025\/01\/carport-moderna_01.jpg\" alt=\"\" class=\"wp-image-259\" style=\"border-radius:25px;box-shadow:var(--wp--preset--shadow--natural)\" srcset=\"https:\/\/toldoscorona.es\/wp-content\/uploads\/2025\/01\/carport-moderna_01.jpg 1485w, https:\/\/toldoscorona.es\/wp-content\/uploads\/2025\/01\/carport-moderna_01-600x441.jpg 600w, https:\/\/toldoscorona.es\/wp-content\/uploads\/2025\/01\/carport-moderna_01-1024x752.jpg 1024w, https:\/\/toldoscorona.es\/wp-content\/uploads\/2025\/01\/carport-moderna_01-768x564.jpg 768w\" sizes=\"auto, (max-width: 1485px) 100vw, 1485px\" \/><\/a><\/figure>\n<\/div>\n\n\n\n<div class=\"wp-block-column is-vertically-aligned-top has-global-padding is-layout-constrained wp-block-column-is-layout-constrained\">\n<figure class=\"wp-block-image aligncenter size-large is-resized\"><img loading=\"lazy\" decoding=\"async\" width=\"1024\" height=\"311\" src=\"https:\/\/toldoscorona.es\/wp-content\/uploads\/2025\/01\/Balustrade-2-scaled.webp\" alt=\"\" class=\"wp-image-840\" style=\"width:auto;height:80px\" srcset=\"https:\/\/toldoscorona.es\/wp-content\/uploads\/2025\/01\/Balustrade-2-scaled.webp 2560w, https:\/\/toldoscorona.es\/wp-content\/uploads\/2025\/01\/Balustrade-2-600x182.webp 600w, https:\/\/toldoscorona.es\/wp-content\/uploads\/2025\/01\/Balustrade-2-1024x311.webp 1024w, https:\/\/toldoscorona.es\/wp-content\/uploads\/2025\/01\/Balustrade-2-768x233.webp 768w, https:\/\/toldoscorona.es\/wp-content\/uploads\/2025\/01\/Balustrade-2-1536x466.webp 1536w, https:\/\/toldoscorona.es\/wp-content\/uploads\/2025\/01\/Balustrade-2-2048x622.webp 2048w\" sizes=\"auto, (max-width: 1024px) 100vw, 1024px\" \/><\/figure>\n\n\n\n<figure class=\"wp-block-image aligncenter size-full has-custom-border hvr-grow-shadow\"><a href=\"https:\/\/toldoscorona.es\/en\/productos\/balaustrada-2\/\"><img loading=\"lazy\" decoding=\"async\" width=\"1485\" height=\"1091\" src=\"https:\/\/toldoscorona.es\/wp-content\/uploads\/2025\/02\/balaustrada-principal-1.jpg\" alt=\"\" class=\"wp-image-1323\" style=\"border-radius:25px;box-shadow:var(--wp--preset--shadow--natural)\" srcset=\"https:\/\/toldoscorona.es\/wp-content\/uploads\/2025\/02\/balaustrada-principal-1.jpg 1485w, https:\/\/toldoscorona.es\/wp-content\/uploads\/2025\/02\/balaustrada-principal-1-600x441.jpg 600w, https:\/\/toldoscorona.es\/wp-content\/uploads\/2025\/02\/balaustrada-principal-1-1024x752.jpg 1024w, https:\/\/toldoscorona.es\/wp-content\/uploads\/2025\/02\/balaustrada-principal-1-768x564.jpg 768w, https:\/\/toldoscorona.es\/wp-content\/uploads\/2025\/02\/balaustrada-principal-1-16x12.jpg 16w\" sizes=\"auto, (max-width: 1485px) 100vw, 1485px\" \/><\/a><\/figure>\n<\/div>\n<\/div>\n\n\n\n<div style=\"height:30px\" aria-hidden=\"true\" class=\"wp-block-spacer\"><\/div>\n\n\n\n<div class=\"wp-block-columns is-layout-flex wp-container-core-columns-is-layout-3 wp-block-columns-is-layout-flex\">\n<div class=\"wp-block-column is-vertically-aligned-top has-global-padding is-layout-constrained wp-block-column-is-layout-constrained\">\n<figure class=\"wp-block-image aligncenter size-large is-resized\"><img loading=\"lazy\" decoding=\"async\" width=\"1024\" height=\"311\" src=\"https:\/\/toldoscorona.es\/wp-content\/uploads\/2025\/01\/Bioclimatic-scaled.webp\" alt=\"\" class=\"wp-image-843\" style=\"width:auto;height:80px\" srcset=\"https:\/\/toldoscorona.es\/wp-content\/uploads\/2025\/01\/Bioclimatic-scaled.webp 2560w, https:\/\/toldoscorona.es\/wp-content\/uploads\/2025\/01\/Bioclimatic-600x182.webp 600w, https:\/\/toldoscorona.es\/wp-content\/uploads\/2025\/01\/Bioclimatic-1024x311.webp 1024w, https:\/\/toldoscorona.es\/wp-content\/uploads\/2025\/01\/Bioclimatic-768x233.webp 768w, https:\/\/toldoscorona.es\/wp-content\/uploads\/2025\/01\/Bioclimatic-1536x466.webp 1536w, https:\/\/toldoscorona.es\/wp-content\/uploads\/2025\/01\/Bioclimatic-2048x622.webp 2048w\" sizes=\"auto, (max-width: 1024px) 100vw, 1024px\" \/><\/figure>\n\n\n\n<figure class=\"wp-block-image aligncenter size-full has-custom-border hvr-grow-shadow\"><a href=\"https:\/\/toldoscorona.es\/en\/productos\/pergola-bioclimatica\/\"><img loading=\"lazy\" decoding=\"async\" width=\"997\" height=\"745\" src=\"https:\/\/toldoscorona.es\/wp-content\/uploads\/2025\/02\/imagen-pergola-carpe.jpg\" alt=\"\" class=\"wp-image-1478\" style=\"border-radius:25px;box-shadow:var(--wp--preset--shadow--natural)\" srcset=\"https:\/\/toldoscorona.es\/wp-content\/uploads\/2025\/02\/imagen-pergola-carpe.jpg 997w, https:\/\/toldoscorona.es\/wp-content\/uploads\/2025\/02\/imagen-pergola-carpe-600x448.jpg 600w, https:\/\/toldoscorona.es\/wp-content\/uploads\/2025\/02\/imagen-pergola-carpe-768x574.jpg 768w, https:\/\/toldoscorona.es\/wp-content\/uploads\/2025\/02\/imagen-pergola-carpe-16x12.jpg 16w\" sizes=\"auto, (max-width: 997px) 100vw, 997px\" \/><\/a><\/figure>\n<\/div>\n\n\n\n<div class=\"wp-block-column is-vertically-aligned-top has-global-padding is-layout-constrained wp-block-column-is-layout-constrained\">\n<figure class=\"wp-block-image aligncenter size-large is-resized\"><img loading=\"lazy\" decoding=\"async\" width=\"1024\" height=\"311\" src=\"https:\/\/toldoscorona.es\/wp-content\/uploads\/2025\/01\/aluminium-1-scaled.webp\" alt=\"\" class=\"wp-image-1028\" style=\"width:auto;height:80px\" srcset=\"https:\/\/toldoscorona.es\/wp-content\/uploads\/2025\/01\/aluminium-1-scaled.webp 2560w, https:\/\/toldoscorona.es\/wp-content\/uploads\/2025\/01\/aluminium-1-600x182.webp 600w, https:\/\/toldoscorona.es\/wp-content\/uploads\/2025\/01\/aluminium-1-1024x311.webp 1024w, https:\/\/toldoscorona.es\/wp-content\/uploads\/2025\/01\/aluminium-1-768x233.webp 768w, https:\/\/toldoscorona.es\/wp-content\/uploads\/2025\/01\/aluminium-1-1536x466.webp 1536w, https:\/\/toldoscorona.es\/wp-content\/uploads\/2025\/01\/aluminium-1-2048x622.webp 2048w\" sizes=\"auto, (max-width: 1024px) 100vw, 1024px\" \/><\/figure>\n\n\n\n<figure class=\"wp-block-image aligncenter size-full has-custom-border hvr-grow-shadow\"><a href=\"https:\/\/toldoscorona.es\/en\/productos\/aluminio\/\"><img loading=\"lazy\" decoding=\"async\" width=\"1001\" height=\"751\" src=\"https:\/\/toldoscorona.es\/wp-content\/uploads\/2025\/01\/Aluminio_001.jpg\" alt=\"\" class=\"wp-image-1029\" style=\"border-radius:25px;box-shadow:var(--wp--preset--shadow--natural)\" srcset=\"https:\/\/toldoscorona.es\/wp-content\/uploads\/2025\/01\/Aluminio_001.jpg 1001w, https:\/\/toldoscorona.es\/wp-content\/uploads\/2025\/01\/Aluminio_001-600x450.jpg 600w, https:\/\/toldoscorona.es\/wp-content\/uploads\/2025\/01\/Aluminio_001-768x576.jpg 768w\" sizes=\"auto, (max-width: 1001px) 100vw, 1001px\" \/><\/a><\/figure>\n<\/div>\n<\/div>\n\n\n\n<div style=\"height:40px\" aria-hidden=\"true\" class=\"wp-block-spacer\"><\/div>\n\n\n\n<hr class=\"wp-block-separator has-alpha-channel-opacity is-style-dots\"\/>","protected":false},"excerpt":{"rendered":"","protected":false},"author":1,"featured_media":0,"parent":0,"menu_order":0,"comment_status":"closed","ping_status":"closed","template":"","meta":{"footnotes":""},"class_list":["post-21","page","type-page","status-publish","hentry"],"yoast_head":"<!-- This site is optimized with the Yoast SEO plugin v26.8 - https:\/\/yoast.com\/product\/yoast-seo-wordpress\/ -->\n<title>PRODUCTOS - Toldos Corona<\/title>\n<meta name=\"description\" content=\"Secci\u00f3n en la que ofrecemos nuestra oferta en toldos, p\u00e9rgolas y bioclim\u00e1ticas. As\u00ed mismo encontrar\u00e1 nuestros servicios de cristaler\u00eda y aluminio.\" \/>\n<meta name=\"robots\" content=\"index, follow, max-snippet:-1, max-image-preview:large, max-video-preview:-1\" \/>\n<link rel=\"canonical\" href=\"https:\/\/toldoscorona.es\/en\/productos\/\" \/>\n<meta property=\"og:locale\" content=\"en_GB\" \/>\n<meta property=\"og:type\" content=\"article\" \/>\n<meta property=\"og:title\" content=\"PRODUCTOS - Toldos Corona\" \/>\n<meta property=\"og:description\" content=\"Secci\u00f3n en la que ofrecemos nuestra oferta en toldos, p\u00e9rgolas y bioclim\u00e1ticas. As\u00ed mismo encontrar\u00e1 nuestros servicios de cristaler\u00eda y aluminio.\" \/>\n<meta property=\"og:url\" content=\"https:\/\/toldoscorona.es\/en\/productos\/\" \/>\n<meta property=\"og:site_name\" content=\"Toldos Corona\" \/>\n<meta property=\"article:publisher\" content=\"https:\/\/www.facebook.com\/p\/Toldos-Corona-100064004055766\/?locale=es_LA\" \/>\n<meta property=\"article:modified_time\" content=\"2025-05-12T12:49:54+00:00\" \/>\n<meta property=\"og:image\" content=\"https:\/\/toldoscorona.es\/wp-content\/uploads\/2025\/01\/Toldos-3-scaled.webp\" \/>\n\t<meta property=\"og:image:width\" content=\"2560\" \/>\n\t<meta property=\"og:image:height\" content=\"777\" \/>\n\t<meta property=\"og:image:type\" content=\"image\/webp\" \/>\n<meta name=\"twitter:card\" content=\"summary_large_image\" \/>\n<meta name=\"twitter:site\" content=\"@toldoscoronasl\" \/>\n<meta name=\"twitter:label1\" content=\"Estimated reading time\" \/>\n\t<meta name=\"twitter:data1\" content=\"3 minutes\" \/>\n<script type=\"application\/ld+json\" class=\"yoast-schema-graph\">{\"@context\":\"https:\/\/schema.org\",\"@graph\":[{\"@type\":\"WebPage\",\"@id\":\"https:\/\/toldoscorona.es\/productos\/\",\"url\":\"https:\/\/toldoscorona.es\/productos\/\",\"name\":\"PRODUCTOS - Toldos Corona\",\"isPartOf\":{\"@id\":\"https:\/\/toldoscorona.es\/#website\"},\"primaryImageOfPage\":{\"@id\":\"https:\/\/toldoscorona.es\/productos\/#primaryimage\"},\"image\":{\"@id\":\"https:\/\/toldoscorona.es\/productos\/#primaryimage\"},\"thumbnailUrl\":\"https:\/\/toldoscorona.es\/wp-content\/uploads\/2025\/01\/Toldos-3-1024x311.webp\",\"datePublished\":\"2024-12-30T03:26:05+00:00\",\"dateModified\":\"2025-05-12T12:49:54+00:00\",\"description\":\"Secci\u00f3n en la que ofrecemos nuestra oferta en toldos, p\u00e9rgolas y bioclim\u00e1ticas. As\u00ed mismo encontrar\u00e1 nuestros servicios de cristaler\u00eda y aluminio.\",\"breadcrumb\":{\"@id\":\"https:\/\/toldoscorona.es\/productos\/#breadcrumb\"},\"inLanguage\":\"en-GB\",\"potentialAction\":[{\"@type\":\"ReadAction\",\"target\":[\"https:\/\/toldoscorona.es\/productos\/\"]}]},{\"@type\":\"ImageObject\",\"inLanguage\":\"en-GB\",\"@id\":\"https:\/\/toldoscorona.es\/productos\/#primaryimage\",\"url\":\"https:\/\/toldoscorona.es\/wp-content\/uploads\/2025\/01\/Toldos-3-1024x311.webp\",\"contentUrl\":\"https:\/\/toldoscorona.es\/wp-content\/uploads\/2025\/01\/Toldos-3-1024x311.webp\"},{\"@type\":\"BreadcrumbList\",\"@id\":\"https:\/\/toldoscorona.es\/productos\/#breadcrumb\",\"itemListElement\":[{\"@type\":\"ListItem\",\"position\":1,\"name\":\"Portada\",\"item\":\"https:\/\/toldoscorona.es\/\"},{\"@type\":\"ListItem\",\"position\":2,\"name\":\"PRODUCTOS\"}]},{\"@type\":\"WebSite\",\"@id\":\"https:\/\/toldoscorona.es\/#website\",\"url\":\"https:\/\/toldoscorona.es\/\",\"name\":\"Toldos Corona\",\"description\":\"Toldos, p\u00e9rgolas, bioclim\u00e1ticas y mucho m\u00e1s.\",\"publisher\":{\"@id\":\"https:\/\/toldoscorona.es\/#organization\"},\"potentialAction\":[{\"@type\":\"SearchAction\",\"target\":{\"@type\":\"EntryPoint\",\"urlTemplate\":\"https:\/\/toldoscorona.es\/?s={search_term_string}\"},\"query-input\":{\"@type\":\"PropertyValueSpecification\",\"valueRequired\":true,\"valueName\":\"search_term_string\"}}],\"inLanguage\":\"en-GB\"},{\"@type\":\"Organization\",\"@id\":\"https:\/\/toldoscorona.es\/#organization\",\"name\":\"Toldos Corona 2015 SL\",\"url\":\"https:\/\/toldoscorona.es\/\",\"logo\":{\"@type\":\"ImageObject\",\"inLanguage\":\"en-GB\",\"@id\":\"https:\/\/toldoscorona.es\/#\/schema\/logo\/image\/\",\"url\":\"https:\/\/toldoscorona.es\/wp-content\/uploads\/2024\/12\/Logo-Corona-copia-scaled.jpg\",\"contentUrl\":\"https:\/\/toldoscorona.es\/wp-content\/uploads\/2024\/12\/Logo-Corona-copia-scaled.jpg\",\"width\":2560,\"height\":1635,\"caption\":\"Toldos Corona 2015 SL\"},\"image\":{\"@id\":\"https:\/\/toldoscorona.es\/#\/schema\/logo\/image\/\"},\"sameAs\":[\"https:\/\/www.facebook.com\/p\/Toldos-Corona-100064004055766\/?locale=es_LA\",\"https:\/\/x.com\/toldoscoronasl\",\"https:\/\/www.instagram.com\/toldoscoronasl\",\"https:\/\/www.tiktok.com\/@toldoscoronasl?_t=8sXGn6HKFf6&_r=1\"]}]}<\/script>\n<!-- \/ Yoast SEO plugin. -->","yoast_head_json":{"title":"PRODUCTOS - Toldos Corona","description":"Secci\u00f3n en la que ofrecemos nuestra oferta en toldos, p\u00e9rgolas y bioclim\u00e1ticas. As\u00ed mismo encontrar\u00e1 nuestros servicios de cristaler\u00eda y aluminio.","robots":{"index":"index","follow":"follow","max-snippet":"max-snippet:-1","max-image-preview":"max-image-preview:large","max-video-preview":"max-video-preview:-1"},"canonical":"https:\/\/toldoscorona.es\/en\/productos\/","og_locale":"en_GB","og_type":"article","og_title":"PRODUCTOS - Toldos Corona","og_description":"Secci\u00f3n en la que ofrecemos nuestra oferta en toldos, p\u00e9rgolas y bioclim\u00e1ticas. As\u00ed mismo encontrar\u00e1 nuestros servicios de cristaler\u00eda y aluminio.","og_url":"https:\/\/toldoscorona.es\/en\/productos\/","og_site_name":"Toldos Corona","article_publisher":"https:\/\/www.facebook.com\/p\/Toldos-Corona-100064004055766\/?locale=es_LA","article_modified_time":"2025-05-12T12:49:54+00:00","og_image":[{"width":2560,"height":777,"url":"https:\/\/toldoscorona.es\/wp-content\/uploads\/2025\/01\/Toldos-3-scaled.webp","type":"image\/webp"}],"twitter_card":"summary_large_image","twitter_site":"@toldoscoronasl","twitter_misc":{"Estimated reading time":"3 minutes"},"schema":{"@context":"https:\/\/schema.org","@graph":[{"@type":"WebPage","@id":"https:\/\/toldoscorona.es\/productos\/","url":"https:\/\/toldoscorona.es\/productos\/","name":"PRODUCTOS - Toldos Corona","isPartOf":{"@id":"https:\/\/toldoscorona.es\/#website"},"primaryImageOfPage":{"@id":"https:\/\/toldoscorona.es\/productos\/#primaryimage"},"image":{"@id":"https:\/\/toldoscorona.es\/productos\/#primaryimage"},"thumbnailUrl":"https:\/\/toldoscorona.es\/wp-content\/uploads\/2025\/01\/Toldos-3-1024x311.webp","datePublished":"2024-12-30T03:26:05+00:00","dateModified":"2025-05-12T12:49:54+00:00","description":"Secci\u00f3n en la que ofrecemos nuestra oferta en toldos, p\u00e9rgolas y bioclim\u00e1ticas. As\u00ed mismo encontrar\u00e1 nuestros servicios de cristaler\u00eda y aluminio.","breadcrumb":{"@id":"https:\/\/toldoscorona.es\/productos\/#breadcrumb"},"inLanguage":"en-GB","potentialAction":[{"@type":"ReadAction","target":["https:\/\/toldoscorona.es\/productos\/"]}]},{"@type":"ImageObject","inLanguage":"en-GB","@id":"https:\/\/toldoscorona.es\/productos\/#primaryimage","url":"https:\/\/toldoscorona.es\/wp-content\/uploads\/2025\/01\/Toldos-3-1024x311.webp","contentUrl":"https:\/\/toldoscorona.es\/wp-content\/uploads\/2025\/01\/Toldos-3-1024x311.webp"},{"@type":"BreadcrumbList","@id":"https:\/\/toldoscorona.es\/productos\/#breadcrumb","itemListElement":[{"@type":"ListItem","position":1,"name":"Portada","item":"https:\/\/toldoscorona.es\/"},{"@type":"ListItem","position":2,"name":"PRODUCTOS"}]},{"@type":"WebSite","@id":"https:\/\/toldoscorona.es\/#website","url":"https:\/\/toldoscorona.es\/","name":"Toldos Corona","description":"Toldos, p\u00e9rgolas, bioclim\u00e1ticas y mucho m\u00e1s.","publisher":{"@id":"https:\/\/toldoscorona.es\/#organization"},"potentialAction":[{"@type":"SearchAction","target":{"@type":"EntryPoint","urlTemplate":"https:\/\/toldoscorona.es\/?s={search_term_string}"},"query-input":{"@type":"PropertyValueSpecification","valueRequired":true,"valueName":"search_term_string"}}],"inLanguage":"en-GB"},{"@type":"Organization","@id":"https:\/\/toldoscorona.es\/#organization","name":"Toldos Corona 2015 SL","url":"https:\/\/toldoscorona.es\/","logo":{"@type":"ImageObject","inLanguage":"en-GB","@id":"https:\/\/toldoscorona.es\/#\/schema\/logo\/image\/","url":"https:\/\/toldoscorona.es\/wp-content\/uploads\/2024\/12\/Logo-Corona-copia-scaled.jpg","contentUrl":"https:\/\/toldoscorona.es\/wp-content\/uploads\/2024\/12\/Logo-Corona-copia-scaled.jpg","width":2560,"height":1635,"caption":"Toldos Corona 2015 SL"},"image":{"@id":"https:\/\/toldoscorona.es\/#\/schema\/logo\/image\/"},"sameAs":["https:\/\/www.facebook.com\/p\/Toldos-Corona-100064004055766\/?locale=es_LA","https:\/\/x.com\/toldoscoronasl","https:\/\/www.instagram.com\/toldoscoronasl","https:\/\/www.tiktok.com\/@toldoscoronasl?_t=8sXGn6HKFf6&_r=1"]}]}},"_links":{"self":[{"href":"https:\/\/toldoscorona.es\/en\/wp-json\/wp\/v2\/pages\/21","targetHints":{"allow":["GET"]}}],"collection":[{"href":"https:\/\/toldoscorona.es\/en\/wp-json\/wp\/v2\/pages"}],"about":[{"href":"https:\/\/toldoscorona.es\/en\/wp-json\/wp\/v2\/types\/page"}],"author":[{"embeddable":true,"href":"https:\/\/toldoscorona.es\/en\/wp-json\/wp\/v2\/users\/1"}],"replies":[{"embeddable":true,"href":"https:\/\/toldoscorona.es\/en\/wp-json\/wp\/v2\/comments?post=21"}],"version-history":[{"count":57,"href":"https:\/\/toldoscorona.es\/en\/wp-json\/wp\/v2\/pages\/21\/revisions"}],"predecessor-version":[{"id":2379,"href":"https:\/\/toldoscorona.es\/en\/wp-json\/wp\/v2\/pages\/21\/revisions\/2379"}],"wp:attachment":[{"href":"https:\/\/toldoscorona.es\/en\/wp-json\/wp\/v2\/media?parent=21"}],"curies":[{"name":"wp","href":"https:\/\/api.w.org\/{rel}","templated":true}]}}