{"id":2432,"date":"2025-06-27T12:38:03","date_gmt":"2025-06-27T12:38:03","guid":{"rendered":"https:\/\/toldoscorona.es\/?page_id=2432"},"modified":"2025-10-16T01:52:18","modified_gmt":"2025-10-16T01:52:18","slug":"cerramientos","status":"publish","type":"page","link":"https:\/\/toldoscorona.es\/en\/productos\/cerramientos\/","title":{"rendered":"Enclosures"},"content":{"rendered":"<hr class=\"wp-block-separator alignfull has-alpha-channel-opacity\"\/>\n\n\n\n<div class=\"wp-block-columns is-layout-flex wp-container-core-columns-is-layout-3 wp-block-columns-is-layout-flex\">\n<div class=\"wp-block-column is-layout-flow wp-block-column-is-layout-flow\" style=\"flex-basis:15%\"><\/div>\n\n\n\n<div class=\"wp-block-column is-layout-flow wp-block-column-is-layout-flow\" style=\"flex-basis:70%\">\n<figure class=\"wp-block-image aligncenter size-large is-resized\"><img decoding=\"async\" src=\"https:\/\/toldoscorona.es\/wp-content\/uploads\/2025\/06\/enclosures-1-scaled.webp\" alt=\"\" class=\"wp-image-2479\" style=\"width:528px;height:auto\"\/><\/figure>\n\n\n\n<p class=\"has-text-color has-link-color has-large-font-size wp-elements-1e01ea9171a76a7f7db19433d68ffef5 translation-block\" style=\"color:#666666\">Glass enclosures are the perfect solution for enjoying natural light without sacrificing comfort. With an elegant and minimalist design, they allow you to create versatile spaces that blend harmoniously into any environment. Ideal for terraces, balconies or gardens, they provide thermal and acoustic insulation without visual barriers. The transparency of the glass transforms every corner into a luminous and protected refuge, all year round.<\/p>\n\n\n\n<div style=\"height:10px\" aria-hidden=\"true\" class=\"wp-block-spacer\"><\/div>\n\n\n\n<div class=\"wp-block-columns is-layout-flex wp-container-core-columns-is-layout-1 wp-block-columns-is-layout-flex\">\n<div class=\"wp-block-column is-layout-flow wp-block-column-is-layout-flow\">\n<figure data-wp-context=\"{&quot;imageId&quot;:&quot;69e66583cd8d9&quot;}\" data-wp-interactive=\"core\/image\" class=\"wp-block-image aligncenter size-large has-custom-border wp-lightbox-container\"><img decoding=\"async\" data-wp-class--hide=\"state.isContentHidden\" data-wp-class--show=\"state.isContentVisible\" data-wp-init=\"callbacks.setButtonStyles\" data-wp-on-async--click=\"actions.showLightbox\" data-wp-on-async--load=\"callbacks.setButtonStyles\" data-wp-on-async-window--resize=\"callbacks.setButtonStyles\" src=\"https:\/\/toldoscorona.es\/wp-content\/uploads\/2025\/06\/cerramiento_001-1024x752.webp\" alt=\"\" class=\"wp-image-2480\" style=\"border-radius:20px;box-shadow:var(--wp--preset--shadow--natural)\"\/><button\n\t\t\tclass=\"lightbox-trigger\"\n\t\t\ttype=\"button\"\n\t\t\taria-haspopup=\"dialog\"\n\t\t\taria-label=\"Enlarge image\"\n\t\t\tdata-wp-init=\"callbacks.initTriggerButton\"\n\t\t\tdata-wp-on-async--click=\"actions.showLightbox\"\n\t\t\tdata-wp-style--right=\"state.imageButtonRight\"\n\t\t\tdata-wp-style--top=\"state.imageButtonTop\"\n\t\t>\n\t\t\t<svg xmlns=\"http:\/\/www.w3.org\/2000\/svg\" width=\"12\" height=\"12\" fill=\"none\" viewbox=\"0 0 12 12\">\n\t\t\t\t<path fill=\"#fff\" d=\"M2 0a2 2 0 0 0-2 2v2h1.5V2a.5.5 0 0 1 .5-.5h2V0H2Zm2 10.5H2a.5.5 0 0 1-.5-.5V8H0v2a2 2 0 0 0 2 2h2v-1.5ZM8 12v-1.5h2a.5.5 0 0 0 .5-.5V8H12v2a2 2 0 0 1-2 2H8Zm2-12a2 2 0 0 1 2 2v2h-1.5V2a.5.5 0 0 0-.5-.5H8V0h2Z\" \/>\n\t\t\t<\/svg>\n\t\t<\/button><figcaption class=\"wp-element-caption\">Glass sliding<\/figcaption><\/figure>\n<\/div>\n\n\n\n<div class=\"wp-block-column is-layout-flow wp-block-column-is-layout-flow\">\n<figure data-wp-context=\"{&quot;imageId&quot;:&quot;69e66583ce054&quot;}\" data-wp-interactive=\"core\/image\" class=\"wp-block-image aligncenter size-large has-custom-border wp-lightbox-container\"><img decoding=\"async\" data-wp-class--hide=\"state.isContentHidden\" data-wp-class--show=\"state.isContentVisible\" data-wp-init=\"callbacks.setButtonStyles\" data-wp-on-async--click=\"actions.showLightbox\" data-wp-on-async--load=\"callbacks.setButtonStyles\" data-wp-on-async-window--resize=\"callbacks.setButtonStyles\" src=\"https:\/\/toldoscorona.es\/wp-content\/uploads\/2025\/06\/cerramiento_002-1024x752.webp\" alt=\"\" class=\"wp-image-2481\" style=\"border-radius:20px;box-shadow:var(--wp--preset--shadow--natural)\"\/><button\n\t\t\tclass=\"lightbox-trigger\"\n\t\t\ttype=\"button\"\n\t\t\taria-haspopup=\"dialog\"\n\t\t\taria-label=\"Enlarge image\"\n\t\t\tdata-wp-init=\"callbacks.initTriggerButton\"\n\t\t\tdata-wp-on-async--click=\"actions.showLightbox\"\n\t\t\tdata-wp-style--right=\"state.imageButtonRight\"\n\t\t\tdata-wp-style--top=\"state.imageButtonTop\"\n\t\t>\n\t\t\t<svg xmlns=\"http:\/\/www.w3.org\/2000\/svg\" width=\"12\" height=\"12\" fill=\"none\" viewbox=\"0 0 12 12\">\n\t\t\t\t<path fill=\"#fff\" d=\"M2 0a2 2 0 0 0-2 2v2h1.5V2a.5.5 0 0 1 .5-.5h2V0H2Zm2 10.5H2a.5.5 0 0 1-.5-.5V8H0v2a2 2 0 0 0 2 2h2v-1.5ZM8 12v-1.5h2a.5.5 0 0 0 .5-.5V8H12v2a2 2 0 0 1-2 2H8Zm2-12a2 2 0 0 1 2 2v2h-1.5V2a.5.5 0 0 0-.5-.5H8V0h2Z\" \/>\n\t\t\t<\/svg>\n\t\t<\/button><figcaption class=\"wp-element-caption\">Curtain without folding profile<\/figcaption><\/figure>\n<\/div>\n<\/div>\n\n\n\n<p class=\"has-text-color has-link-color has-large-font-size wp-elements-6f0489e18a467a3412e9e6db00011074 translation-block\" style=\"color:#666666\">Glass enclosures come in a variety of forms depending on the desired functionality: from glass curtains without vertical profiles that offer unobstructed views, to sliding or folding systems ideal for gaining space and comfort. Each option balances aesthetics, insulation and versatility, adapting to the user's lifestyle and architectural environment.<\/p>\n\n\n\n<div class=\"wp-block-columns is-layout-flex wp-container-core-columns-is-layout-2 wp-block-columns-is-layout-flex\">\n<div class=\"wp-block-column is-layout-flow wp-block-column-is-layout-flow\">\n<figure data-wp-context=\"{&quot;imageId&quot;:&quot;69e66583ce8b3&quot;}\" data-wp-interactive=\"core\/image\" class=\"wp-block-image aligncenter size-large has-custom-border wp-lightbox-container\"><img decoding=\"async\" data-wp-class--hide=\"state.isContentHidden\" data-wp-class--show=\"state.isContentVisible\" data-wp-init=\"callbacks.setButtonStyles\" data-wp-on-async--click=\"actions.showLightbox\" data-wp-on-async--load=\"callbacks.setButtonStyles\" data-wp-on-async-window--resize=\"callbacks.setButtonStyles\" src=\"https:\/\/toldoscorona.es\/wp-content\/uploads\/2025\/06\/cerramiento_003-1024x752.webp\" alt=\"\" class=\"wp-image-2484\" style=\"border-radius:20px;box-shadow:var(--wp--preset--shadow--natural)\"\/><button\n\t\t\tclass=\"lightbox-trigger\"\n\t\t\ttype=\"button\"\n\t\t\taria-haspopup=\"dialog\"\n\t\t\taria-label=\"Enlarge image\"\n\t\t\tdata-wp-init=\"callbacks.initTriggerButton\"\n\t\t\tdata-wp-on-async--click=\"actions.showLightbox\"\n\t\t\tdata-wp-style--right=\"state.imageButtonRight\"\n\t\t\tdata-wp-style--top=\"state.imageButtonTop\"\n\t\t>\n\t\t\t<svg xmlns=\"http:\/\/www.w3.org\/2000\/svg\" width=\"12\" height=\"12\" fill=\"none\" viewbox=\"0 0 12 12\">\n\t\t\t\t<path fill=\"#fff\" d=\"M2 0a2 2 0 0 0-2 2v2h1.5V2a.5.5 0 0 1 .5-.5h2V0H2Zm2 10.5H2a.5.5 0 0 1-.5-.5V8H0v2a2 2 0 0 0 2 2h2v-1.5ZM8 12v-1.5h2a.5.5 0 0 0 .5-.5V8H12v2a2 2 0 0 1-2 2H8Zm2-12a2 2 0 0 1 2 2v2h-1.5V2a.5.5 0 0 0-.5-.5H8V0h2Z\" \/>\n\t\t\t<\/svg>\n\t\t<\/button><figcaption class=\"wp-element-caption\">Curtain without folding profile<\/figcaption><\/figure>\n<\/div>\n\n\n\n<div class=\"wp-block-column is-layout-flow wp-block-column-is-layout-flow\">\n<figure data-wp-context=\"{&quot;imageId&quot;:&quot;69e66583ceecc&quot;}\" data-wp-interactive=\"core\/image\" class=\"wp-block-image aligncenter size-large has-custom-border wp-lightbox-container\"><img decoding=\"async\" data-wp-class--hide=\"state.isContentHidden\" data-wp-class--show=\"state.isContentVisible\" data-wp-init=\"callbacks.setButtonStyles\" data-wp-on-async--click=\"actions.showLightbox\" data-wp-on-async--load=\"callbacks.setButtonStyles\" data-wp-on-async-window--resize=\"callbacks.setButtonStyles\" src=\"https:\/\/toldoscorona.es\/wp-content\/uploads\/2025\/06\/cerramiento_004-1024x752.webp\" alt=\"\" class=\"wp-image-2485\" style=\"border-radius:20px;box-shadow:var(--wp--preset--shadow--natural)\"\/><button\n\t\t\tclass=\"lightbox-trigger\"\n\t\t\ttype=\"button\"\n\t\t\taria-haspopup=\"dialog\"\n\t\t\taria-label=\"Enlarge image\"\n\t\t\tdata-wp-init=\"callbacks.initTriggerButton\"\n\t\t\tdata-wp-on-async--click=\"actions.showLightbox\"\n\t\t\tdata-wp-style--right=\"state.imageButtonRight\"\n\t\t\tdata-wp-style--top=\"state.imageButtonTop\"\n\t\t>\n\t\t\t<svg xmlns=\"http:\/\/www.w3.org\/2000\/svg\" width=\"12\" height=\"12\" fill=\"none\" viewbox=\"0 0 12 12\">\n\t\t\t\t<path fill=\"#fff\" d=\"M2 0a2 2 0 0 0-2 2v2h1.5V2a.5.5 0 0 1 .5-.5h2V0H2Zm2 10.5H2a.5.5 0 0 1-.5-.5V8H0v2a2 2 0 0 0 2 2h2v-1.5ZM8 12v-1.5h2a.5.5 0 0 0 .5-.5V8H12v2a2 2 0 0 1-2 2H8Zm2-12a2 2 0 0 1 2 2v2h-1.5V2a.5.5 0 0 0-.5-.5H8V0h2Z\" \/>\n\t\t\t<\/svg>\n\t\t<\/button><figcaption class=\"wp-element-caption\">Sliding glass door without profiles<\/figcaption><\/figure>\n<\/div>\n<\/div>\n\n\n\n<p class=\"has-text-color has-link-color has-large-font-size wp-elements-d705c19781190a8ef24d6c5e912aa0dc translation-block\" style=\"color:#666666\">There are also glass ceilings - fixed or movable - that provide natural light.<\/p>\n\n\n\n<figure data-wp-context=\"{&quot;imageId&quot;:&quot;69e66583cf47f&quot;}\" data-wp-interactive=\"core\/image\" class=\"wp-block-image aligncenter size-large is-resized has-custom-border wp-lightbox-container\"><img decoding=\"async\" data-wp-class--hide=\"state.isContentHidden\" data-wp-class--show=\"state.isContentVisible\" data-wp-init=\"callbacks.setButtonStyles\" data-wp-on-async--click=\"actions.showLightbox\" data-wp-on-async--load=\"callbacks.setButtonStyles\" data-wp-on-async-window--resize=\"callbacks.setButtonStyles\" src=\"https:\/\/toldoscorona.es\/wp-content\/uploads\/2025\/06\/cerramiento_005-1024x498.webp\" alt=\"\" class=\"wp-image-2488\" style=\"border-radius:20px;box-shadow:var(--wp--preset--shadow--natural);width:1194px;height:auto\"\/><button\n\t\t\tclass=\"lightbox-trigger\"\n\t\t\ttype=\"button\"\n\t\t\taria-haspopup=\"dialog\"\n\t\t\taria-label=\"Enlarge image\"\n\t\t\tdata-wp-init=\"callbacks.initTriggerButton\"\n\t\t\tdata-wp-on-async--click=\"actions.showLightbox\"\n\t\t\tdata-wp-style--right=\"state.imageButtonRight\"\n\t\t\tdata-wp-style--top=\"state.imageButtonTop\"\n\t\t>\n\t\t\t<svg xmlns=\"http:\/\/www.w3.org\/2000\/svg\" width=\"12\" height=\"12\" fill=\"none\" viewbox=\"0 0 12 12\">\n\t\t\t\t<path fill=\"#fff\" d=\"M2 0a2 2 0 0 0-2 2v2h1.5V2a.5.5 0 0 1 .5-.5h2V0H2Zm2 10.5H2a.5.5 0 0 1-.5-.5V8H0v2a2 2 0 0 0 2 2h2v-1.5ZM8 12v-1.5h2a.5.5 0 0 0 .5-.5V8H12v2a2 2 0 0 1-2 2H8Zm2-12a2 2 0 0 1 2 2v2h-1.5V2a.5.5 0 0 0-.5-.5H8V0h2Z\" \/>\n\t\t\t<\/svg>\n\t\t<\/button><figcaption class=\"wp-element-caption\">Fixed glass roof<\/figcaption><\/figure>\n<\/div>\n\n\n\n<div class=\"wp-block-column is-layout-flow wp-block-column-is-layout-flow\" style=\"flex-basis:15%\"><\/div>\n<\/div>\n\n\n\n<div style=\"height:30px\" aria-hidden=\"true\" class=\"wp-block-spacer\"><\/div>\n\n\n\n<hr class=\"wp-block-separator has-alpha-channel-opacity is-style-dots\"\/>","protected":false},"excerpt":{"rendered":"<p>Los cerramientos de cristal son la soluci\u00f3n perfecta para disfrutar de la luz natural sin renunciar al confort. Con un dise\u00f1o elegante y minimalista, permiten crear espacios vers\u00e1tiles que se integran armoniosamente en cualquier entorno. Ideales para terrazas, balcones o jardines, proporcionan aislamiento t\u00e9rmico y ac\u00fastico, sin barreras visuales. La transparencia del vidrio transforma cada [&hellip;]<\/p>\n","protected":false},"author":1,"featured_media":0,"parent":21,"menu_order":0,"comment_status":"closed","ping_status":"closed","template":"","meta":{"footnotes":""},"class_list":["post-2432","page","type-page","status-publish","hentry"],"yoast_head":"<!-- This site is optimized with the Yoast SEO plugin v26.8 - https:\/\/yoast.com\/product\/yoast-seo-wordpress\/ -->\n<title>Cerramientos - Toldos Corona<\/title>\n<meta name=\"description\" content=\"Los cerramientos de cristal son la soluci\u00f3n perfecta para disfrutar de la luz natural sin renunciar al confort. Con un dise\u00f1o elegante y minimalista, permiten crear espacios vers\u00e1tiles que se integran armoniosamente en cualquier entorno. Ideales para terrazas, balcones o jardines, proporcionan aislamiento t\u00e9rmico y ac\u00fastico, sin barreras visuales. La transparencia del vidrio transforma cada rinc\u00f3n en un refugio luminoso y protegido, todo el a\u00f1o.\" \/>\n<meta name=\"robots\" content=\"index, follow, max-snippet:-1, max-image-preview:large, max-video-preview:-1\" \/>\n<link rel=\"canonical\" href=\"https:\/\/toldoscorona.es\/en\/productos\/cerramientos\/\" \/>\n<meta property=\"og:locale\" content=\"en_GB\" \/>\n<meta property=\"og:type\" content=\"article\" \/>\n<meta property=\"og:title\" content=\"Cerramientos - Toldos Corona\" \/>\n<meta property=\"og:description\" content=\"Los cerramientos de cristal son la soluci\u00f3n perfecta para disfrutar de la luz natural sin renunciar al confort. Con un dise\u00f1o elegante y minimalista, permiten crear espacios vers\u00e1tiles que se integran armoniosamente en cualquier entorno. Ideales para terrazas, balcones o jardines, proporcionan aislamiento t\u00e9rmico y ac\u00fastico, sin barreras visuales. La transparencia del vidrio transforma cada rinc\u00f3n en un refugio luminoso y protegido, todo el a\u00f1o.\" \/>\n<meta property=\"og:url\" content=\"https:\/\/toldoscorona.es\/en\/productos\/cerramientos\/\" \/>\n<meta property=\"og:site_name\" content=\"Toldos Corona\" \/>\n<meta property=\"article:publisher\" content=\"https:\/\/www.facebook.com\/p\/Toldos-Corona-100064004055766\/?locale=es_LA\" \/>\n<meta property=\"article:modified_time\" content=\"2025-10-16T01:52:18+00:00\" \/>\n<meta property=\"og:image\" content=\"https:\/\/toldoscorona.es\/wp-content\/uploads\/2025\/10\/Vela-02.webp\" \/>\n\t<meta property=\"og:image:width\" content=\"1485\" \/>\n\t<meta property=\"og:image:height\" content=\"1091\" \/>\n\t<meta property=\"og:image:type\" content=\"image\/webp\" \/>\n<meta name=\"twitter:card\" content=\"summary_large_image\" \/>\n<meta name=\"twitter:site\" content=\"@toldoscoronasl\" \/>\n<meta name=\"twitter:label1\" content=\"Estimated reading time\" \/>\n\t<meta name=\"twitter:data1\" content=\"2 minutes\" \/>\n<script type=\"application\/ld+json\" class=\"yoast-schema-graph\">{\"@context\":\"https:\/\/schema.org\",\"@graph\":[{\"@type\":\"WebPage\",\"@id\":\"https:\/\/toldoscorona.es\/productos\/cerramientos\/\",\"url\":\"https:\/\/toldoscorona.es\/productos\/cerramientos\/\",\"name\":\"Cerramientos - Toldos Corona\",\"isPartOf\":{\"@id\":\"https:\/\/toldoscorona.es\/#website\"},\"primaryImageOfPage\":{\"@id\":\"https:\/\/toldoscorona.es\/productos\/cerramientos\/#primaryimage\"},\"image\":{\"@id\":\"https:\/\/toldoscorona.es\/productos\/cerramientos\/#primaryimage\"},\"thumbnailUrl\":\"https:\/\/toldoscorona.es\/wp-content\/uploads\/2025\/06\/cerramientos-1024x252.webp\",\"datePublished\":\"2025-06-27T12:38:03+00:00\",\"dateModified\":\"2025-10-16T01:52:18+00:00\",\"description\":\"Los cerramientos de cristal son la soluci\u00f3n perfecta para disfrutar de la luz natural sin renunciar al confort. Con un dise\u00f1o elegante y minimalista, permiten crear espacios vers\u00e1tiles que se integran armoniosamente en cualquier entorno. Ideales para terrazas, balcones o jardines, proporcionan aislamiento t\u00e9rmico y ac\u00fastico, sin barreras visuales. La transparencia del vidrio transforma cada rinc\u00f3n en un refugio luminoso y protegido, todo el a\u00f1o.\",\"breadcrumb\":{\"@id\":\"https:\/\/toldoscorona.es\/productos\/cerramientos\/#breadcrumb\"},\"inLanguage\":\"en-GB\",\"potentialAction\":[{\"@type\":\"ReadAction\",\"target\":[\"https:\/\/toldoscorona.es\/productos\/cerramientos\/\"]}]},{\"@type\":\"ImageObject\",\"inLanguage\":\"en-GB\",\"@id\":\"https:\/\/toldoscorona.es\/productos\/cerramientos\/#primaryimage\",\"url\":\"https:\/\/toldoscorona.es\/wp-content\/uploads\/2025\/06\/cerramientos-1024x252.webp\",\"contentUrl\":\"https:\/\/toldoscorona.es\/wp-content\/uploads\/2025\/06\/cerramientos-1024x252.webp\"},{\"@type\":\"BreadcrumbList\",\"@id\":\"https:\/\/toldoscorona.es\/productos\/cerramientos\/#breadcrumb\",\"itemListElement\":[{\"@type\":\"ListItem\",\"position\":1,\"name\":\"Portada\",\"item\":\"https:\/\/toldoscorona.es\/\"},{\"@type\":\"ListItem\",\"position\":2,\"name\":\"PRODUCTOS\",\"item\":\"https:\/\/toldoscorona.es\/productos\/\"},{\"@type\":\"ListItem\",\"position\":3,\"name\":\"Cerramientos\"}]},{\"@type\":\"WebSite\",\"@id\":\"https:\/\/toldoscorona.es\/#website\",\"url\":\"https:\/\/toldoscorona.es\/\",\"name\":\"Toldos Corona\",\"description\":\"Toldos, p\u00e9rgolas, bioclim\u00e1ticas y mucho m\u00e1s.\",\"publisher\":{\"@id\":\"https:\/\/toldoscorona.es\/#organization\"},\"potentialAction\":[{\"@type\":\"SearchAction\",\"target\":{\"@type\":\"EntryPoint\",\"urlTemplate\":\"https:\/\/toldoscorona.es\/?s={search_term_string}\"},\"query-input\":{\"@type\":\"PropertyValueSpecification\",\"valueRequired\":true,\"valueName\":\"search_term_string\"}}],\"inLanguage\":\"en-GB\"},{\"@type\":\"Organization\",\"@id\":\"https:\/\/toldoscorona.es\/#organization\",\"name\":\"Toldos Corona 2015 SL\",\"url\":\"https:\/\/toldoscorona.es\/\",\"logo\":{\"@type\":\"ImageObject\",\"inLanguage\":\"en-GB\",\"@id\":\"https:\/\/toldoscorona.es\/#\/schema\/logo\/image\/\",\"url\":\"https:\/\/toldoscorona.es\/wp-content\/uploads\/2024\/12\/Logo-Corona-copia-scaled.jpg\",\"contentUrl\":\"https:\/\/toldoscorona.es\/wp-content\/uploads\/2024\/12\/Logo-Corona-copia-scaled.jpg\",\"width\":2560,\"height\":1635,\"caption\":\"Toldos Corona 2015 SL\"},\"image\":{\"@id\":\"https:\/\/toldoscorona.es\/#\/schema\/logo\/image\/\"},\"sameAs\":[\"https:\/\/www.facebook.com\/p\/Toldos-Corona-100064004055766\/?locale=es_LA\",\"https:\/\/x.com\/toldoscoronasl\",\"https:\/\/www.instagram.com\/toldoscoronasl\",\"https:\/\/www.tiktok.com\/@toldoscoronasl?_t=8sXGn6HKFf6&_r=1\"]}]}<\/script>\n<!-- \/ Yoast SEO plugin. -->","yoast_head_json":{"title":"Cerramientos - Toldos Corona","description":"Los cerramientos de cristal son la soluci\u00f3n perfecta para disfrutar de la luz natural sin renunciar al confort. Con un dise\u00f1o elegante y minimalista, permiten crear espacios vers\u00e1tiles que se integran armoniosamente en cualquier entorno. Ideales para terrazas, balcones o jardines, proporcionan aislamiento t\u00e9rmico y ac\u00fastico, sin barreras visuales. La transparencia del vidrio transforma cada rinc\u00f3n en un refugio luminoso y protegido, todo el a\u00f1o.","robots":{"index":"index","follow":"follow","max-snippet":"max-snippet:-1","max-image-preview":"max-image-preview:large","max-video-preview":"max-video-preview:-1"},"canonical":"https:\/\/toldoscorona.es\/en\/productos\/cerramientos\/","og_locale":"en_GB","og_type":"article","og_title":"Cerramientos - Toldos Corona","og_description":"Los cerramientos de cristal son la soluci\u00f3n perfecta para disfrutar de la luz natural sin renunciar al confort. Con un dise\u00f1o elegante y minimalista, permiten crear espacios vers\u00e1tiles que se integran armoniosamente en cualquier entorno. Ideales para terrazas, balcones o jardines, proporcionan aislamiento t\u00e9rmico y ac\u00fastico, sin barreras visuales. La transparencia del vidrio transforma cada rinc\u00f3n en un refugio luminoso y protegido, todo el a\u00f1o.","og_url":"https:\/\/toldoscorona.es\/en\/productos\/cerramientos\/","og_site_name":"Toldos Corona","article_publisher":"https:\/\/www.facebook.com\/p\/Toldos-Corona-100064004055766\/?locale=es_LA","article_modified_time":"2025-10-16T01:52:18+00:00","og_image":[{"width":1485,"height":1091,"url":"https:\/\/toldoscorona.es\/wp-content\/uploads\/2025\/10\/Vela-02.webp","type":"image\/webp"}],"twitter_card":"summary_large_image","twitter_site":"@toldoscoronasl","twitter_misc":{"Estimated reading time":"2 minutes"},"schema":{"@context":"https:\/\/schema.org","@graph":[{"@type":"WebPage","@id":"https:\/\/toldoscorona.es\/productos\/cerramientos\/","url":"https:\/\/toldoscorona.es\/productos\/cerramientos\/","name":"Cerramientos - Toldos Corona","isPartOf":{"@id":"https:\/\/toldoscorona.es\/#website"},"primaryImageOfPage":{"@id":"https:\/\/toldoscorona.es\/productos\/cerramientos\/#primaryimage"},"image":{"@id":"https:\/\/toldoscorona.es\/productos\/cerramientos\/#primaryimage"},"thumbnailUrl":"https:\/\/toldoscorona.es\/wp-content\/uploads\/2025\/06\/cerramientos-1024x252.webp","datePublished":"2025-06-27T12:38:03+00:00","dateModified":"2025-10-16T01:52:18+00:00","description":"Los cerramientos de cristal son la soluci\u00f3n perfecta para disfrutar de la luz natural sin renunciar al confort. Con un dise\u00f1o elegante y minimalista, permiten crear espacios vers\u00e1tiles que se integran armoniosamente en cualquier entorno. Ideales para terrazas, balcones o jardines, proporcionan aislamiento t\u00e9rmico y ac\u00fastico, sin barreras visuales. La transparencia del vidrio transforma cada rinc\u00f3n en un refugio luminoso y protegido, todo el a\u00f1o.","breadcrumb":{"@id":"https:\/\/toldoscorona.es\/productos\/cerramientos\/#breadcrumb"},"inLanguage":"en-GB","potentialAction":[{"@type":"ReadAction","target":["https:\/\/toldoscorona.es\/productos\/cerramientos\/"]}]},{"@type":"ImageObject","inLanguage":"en-GB","@id":"https:\/\/toldoscorona.es\/productos\/cerramientos\/#primaryimage","url":"https:\/\/toldoscorona.es\/wp-content\/uploads\/2025\/06\/cerramientos-1024x252.webp","contentUrl":"https:\/\/toldoscorona.es\/wp-content\/uploads\/2025\/06\/cerramientos-1024x252.webp"},{"@type":"BreadcrumbList","@id":"https:\/\/toldoscorona.es\/productos\/cerramientos\/#breadcrumb","itemListElement":[{"@type":"ListItem","position":1,"name":"Portada","item":"https:\/\/toldoscorona.es\/"},{"@type":"ListItem","position":2,"name":"PRODUCTOS","item":"https:\/\/toldoscorona.es\/productos\/"},{"@type":"ListItem","position":3,"name":"Cerramientos"}]},{"@type":"WebSite","@id":"https:\/\/toldoscorona.es\/#website","url":"https:\/\/toldoscorona.es\/","name":"Toldos Corona","description":"Toldos, p\u00e9rgolas, bioclim\u00e1ticas y mucho m\u00e1s.","publisher":{"@id":"https:\/\/toldoscorona.es\/#organization"},"potentialAction":[{"@type":"SearchAction","target":{"@type":"EntryPoint","urlTemplate":"https:\/\/toldoscorona.es\/?s={search_term_string}"},"query-input":{"@type":"PropertyValueSpecification","valueRequired":true,"valueName":"search_term_string"}}],"inLanguage":"en-GB"},{"@type":"Organization","@id":"https:\/\/toldoscorona.es\/#organization","name":"Toldos Corona 2015 SL","url":"https:\/\/toldoscorona.es\/","logo":{"@type":"ImageObject","inLanguage":"en-GB","@id":"https:\/\/toldoscorona.es\/#\/schema\/logo\/image\/","url":"https:\/\/toldoscorona.es\/wp-content\/uploads\/2024\/12\/Logo-Corona-copia-scaled.jpg","contentUrl":"https:\/\/toldoscorona.es\/wp-content\/uploads\/2024\/12\/Logo-Corona-copia-scaled.jpg","width":2560,"height":1635,"caption":"Toldos Corona 2015 SL"},"image":{"@id":"https:\/\/toldoscorona.es\/#\/schema\/logo\/image\/"},"sameAs":["https:\/\/www.facebook.com\/p\/Toldos-Corona-100064004055766\/?locale=es_LA","https:\/\/x.com\/toldoscoronasl","https:\/\/www.instagram.com\/toldoscoronasl","https:\/\/www.tiktok.com\/@toldoscoronasl?_t=8sXGn6HKFf6&_r=1"]}]}},"_links":{"self":[{"href":"https:\/\/toldoscorona.es\/en\/wp-json\/wp\/v2\/pages\/2432","targetHints":{"allow":["GET"]}}],"collection":[{"href":"https:\/\/toldoscorona.es\/en\/wp-json\/wp\/v2\/pages"}],"about":[{"href":"https:\/\/toldoscorona.es\/en\/wp-json\/wp\/v2\/types\/page"}],"author":[{"embeddable":true,"href":"https:\/\/toldoscorona.es\/en\/wp-json\/wp\/v2\/users\/1"}],"replies":[{"embeddable":true,"href":"https:\/\/toldoscorona.es\/en\/wp-json\/wp\/v2\/comments?post=2432"}],"version-history":[{"count":2,"href":"https:\/\/toldoscorona.es\/en\/wp-json\/wp\/v2\/pages\/2432\/revisions"}],"predecessor-version":[{"id":2621,"href":"https:\/\/toldoscorona.es\/en\/wp-json\/wp\/v2\/pages\/2432\/revisions\/2621"}],"up":[{"embeddable":true,"href":"https:\/\/toldoscorona.es\/en\/wp-json\/wp\/v2\/pages\/21"}],"wp:attachment":[{"href":"https:\/\/toldoscorona.es\/en\/wp-json\/wp\/v2\/media?parent=2432"}],"curies":[{"name":"wp","href":"https:\/\/api.w.org\/{rel}","templated":true}]}}