{"id":2461,"date":"2025-08-29T11:17:46","date_gmt":"2025-08-29T11:17:46","guid":{"rendered":"https:\/\/toldoscorona.es\/?page_id=2461"},"modified":"2025-08-29T11:28:44","modified_gmt":"2025-08-29T11:28:44","slug":"aviso-legal","status":"publish","type":"page","link":"https:\/\/toldoscorona.es\/en\/aviso-legal\/","title":{"rendered":"Aviso Legal"},"content":{"rendered":"<div class=\"wp-block-columns is-layout-flex wp-container-core-columns-is-layout-1 wp-block-columns-is-layout-flex\">\n<div class=\"wp-block-column is-layout-flow wp-block-column-is-layout-flow\" style=\"flex-basis:15%\"><\/div>\n\n\n\n<div class=\"wp-block-column is-layout-flow wp-block-column-is-layout-flow\" style=\"flex-basis:70%\">\n<h1 class=\"wp-block-heading\"><strong>Aviso legal<\/strong><\/h1>\n\n\n\n<p>En cumplimiento de la Ley 23\/2002, de 11 de julio de Servicios de la Sociedad de la Informaci\u00f3n y de Comercio Electr\u00f3nico, la mercantil TOLDOS CORONA 2015, S.L. es la titular del sitio web&nbsp;<a href=\"https:\/\/silvia-navarro.com\/\">toldoscorona.com<\/a><\/p>\n\n\n\n<p>De acuerdo con la exigencia del art\u00edculo 10 de la citada Ley, TOLDOS CORONA, S.L. informa de los siguientes datos,<\/p>\n\n\n\n<ul class=\"wp-block-list\">\n<li>CIF: B54887559<\/li>\n\n\n\n<li>Domicilio social: 03137 \u2013 Los Montesinos (Alicante), Partida Lo Blanc, 113.<\/li>\n\n\n\n<li>Tel\u00e9fono: 695 23 80 09<\/li>\n\n\n\n<li>E-mail: info@toldoscorona.com<\/li>\n\n\n\n<li>Inscrita en el Registro Mercantil de Alicante, en fecha 16 de octubre de 2015, en el Tomo 3890, Folio 159, Inscripci\u00f3n 1\u00aa, Hoja A-146878.<\/li>\n<\/ul>\n\n\n\n<p>El acceso a la presente web puede realizarse sin registrarse, NAVEGACI\u00d3N ABIERTA, como usuario o bien registr\u00e1ndose como tal. En ambos casos, las personas f\u00edsicas o jur\u00eddicas que acceden a la presente web, lo hacen como usuarios de la misma y se comprometen a respetar las condiciones de acceso y uso que se exponen a continuaci\u00f3n.<\/p>\n\n\n\n<h2 class=\"wp-block-heading\"><strong>1. Condiciones de acceso a la web<\/strong><\/h2>\n\n\n\n<p>El acceso a la web\u00a0<a href=\"https:\/\/silvia-navarro.com\/\"><a href=\"https:\/\/silvia-navarro.com\/\">toldoscorona.com<\/a><\/a>\u00a0supone la aceptaci\u00f3n de las presentes condiciones generales y particulares. Recomendamos a todos los usuarios que, con car\u00e1cter previo al inicio de la navegaci\u00f3n, lean detenidamente las presentes condiciones y aviso legal, as\u00ed como la\u00a0<a href=\"https:\/\/panelsandwichamediometro.com\/politica-de-privacidad\/\">Pol\u00edtica de Privacidad\u00a0y\u00a0Pol\u00edtica de Cookies<\/a>\u00a0y que, en caso de duda, se pongan en contacto con nosotros a trav\u00e9s de la direcci\u00f3n de correo electr\u00f3nico  admin@toldoscorona<a href=\"mailto:legal@silvia-navarro.com\">.com<\/a>\u00a0para aclarar las posibles dudas en cuanto al uso de esta web.<\/p>\n\n\n\n<h2 class=\"wp-block-heading\"><strong>2. Condiciones de uso de la web<\/strong><\/h2>\n\n\n\n<p>El usuario se compromete a cumplir con las siguientes condiciones de uso:<\/p>\n\n\n\n<ul class=\"wp-block-list\">\n<li>Utilizar el contenido y funcionalidad de la web conforme a la ley, la moral y las buenas costumbres, por lo que se abstendr\u00e1 de utilizar la web con fines que puedan atentar a la imagen o a cualquiera de los derechos reconocidos de TOLDOS CORONA, S.L.<\/li>\n\n\n\n<li>Se abstendr\u00e1 de realizar cualquier acto que impida el buen funcionamiento de la web o de&nbsp;modificaci\u00f3n, alteraci\u00f3n, copia, duplicaci\u00f3n, distribuci\u00f3n, venta y explotaci\u00f3n para cualquier fin no autorizado expresamente por TOLDOS CORONA, S.L.<\/li>\n\n\n\n<li>Responder\u00e1 de los da\u00f1os y perjuicios, de cualquier naturaleza, producidos como consecuencia, directa o indirecta, del incumplimiento de las condiciones generales contenidas en el presente Aviso Legal, as\u00ed como de las particulares que, en su caso, complementen o desarrollen las mismas.<\/li>\n<\/ul>\n\n\n\n<p>En aquellos supuestos en los que el usuario quiera registrarse, TOLDOS CORONA, S.L. proporcionar\u00e1, de forma confidencial, a los usuarios un nombre y una contrase\u00f1a de acceso, la cual es \u00fanica, personal e intransferible, siendo imprescindible para acceder a determinados servicios que brinda la web. El usuario se compromete a realizar un uso responsable de la misma y a no cederla a terceros. El usuario garantiza que los datos personales proporcionados son ciertos y exactos y se compromete a notificar cualquier cambio o modificaci\u00f3n de los mismos. TOLDOS CORONA, S.L. no se hace responsable de la falta de veracidad de dichos datos y se reserva el derecho a reclamar por aquellos da\u00f1os y perjuicios derivados del incumplimiento de las presentes condiciones.<\/p>\n\n\n\n<p>Cada usuario s\u00f3lo podr\u00e1 registrarse una \u00fanica vez, estando expresamente prohibidos los registros m\u00faltiples por parte de un mismo usuario. No est\u00e1 permitido el registro en nombre de terceras personas o empleando los datos de terceras personas sin su consentimiento previo.<\/p>\n\n\n\n<p>Recuerda que tu contrase\u00f1a debe ser secreta y que adem\u00e1s es personal e intransferible. No debes facilitar tu contrase\u00f1a a terceros. En el caso de que un usuario olvide su contrase\u00f1a, TOLDOS CORONA, S.L. pone a su disposici\u00f3n en la Web un sistema de recuperaci\u00f3n de contrase\u00f1a haciendo clic sobre el link \u00bfHas olvidado tu contrase\u00f1a? e introduciendo el email de registro. Si el email introducido ha sido efectivamente reconocido por TOLDOS CORONA, S.L. como el email de un usuario registrado, TOLDOS CORONA, S.L. te facilitar\u00e1 por email un link a trav\u00e9s del cual podr\u00e1s restablecer tu contrase\u00f1a. Podr\u00e1s emplear este mismo sistema para cambiar tu contrase\u00f1a en cualquier momento.<\/p>\n\n\n\n<h3 class=\"wp-block-heading\"><strong>2.1 Su cuenta<\/strong><\/h3>\n\n\n\n<p>Usted podr\u00e1 optar por inscribirse o crear una cuenta en nuestro sitio web \u00fanicamente si es mayor de 14 a\u00f1os, no obstante, solo podr\u00e1 efectuar compras en el sitio web si es mayor de 18 a\u00f1os. Al realizar un pedido a trav\u00e9s de esta p\u00e1gina web, usted declara ser mayor de 18 a\u00f1os y tener capacidad legal para celebrar contratos. Si es mayor de 14 a\u00f1os y se inscribe, tendr\u00e1 una direcci\u00f3n de correo electr\u00f3nico\/nombre de usuario y contrase\u00f1a para su cuenta. Es su responsabilidad mantener la confidencialidad de su cuenta, nombre de usuario y contrase\u00f1a y de restringir el acceso a su ordenador. Es su responsabilidad mantener dicha informaci\u00f3n actualizada, completa, exacta y veraz.<\/p>\n\n\n\n<p>Asimismo, usted acepta responsabilizarse de todas las actividades que tengan lugar bajo su cuenta, nombre de usuario y\/o contrase\u00f1a y, se obliga a informarnos inmediatamente de toda circunstancia que pueda conllevar el acceso al sitio web bajo su nombre de usuario y contrase\u00f1a, por parte de terceros no autorizados, de tal forma que podamos proceder a la adopci\u00f3n de las medidas oportunas.<\/p>\n\n\n\n<p>Nos reservamos el derecho a denegar servicios y\/o cancelar cuentas sin previo aviso si se incumplen nuestras Condiciones de Acceso y Uso o si decidimos, a nuestra exclusiva discreci\u00f3n, que es del mayor inter\u00e9s para TOLDOS CORONA, S.L. hacerlo.<\/p>\n\n\n\n<h2 class=\"wp-block-heading\"><strong>3. Pol\u00edtica de protecci\u00f3n de datos<\/strong><\/h2>\n\n\n\n<p>De conformidad con la Ley Org\u00e1nica 3\/2018, de 5 de diciembre, de Protecci\u00f3n de Datos Personales y garant\u00eda de los derechos digitales y el Reglamento (UE) 2016\/679 del Parlamento Europeo y del Consejo, de 27 de abril de 2016, relativo a la protecci\u00f3n de las personas f\u00edsicas en lo que respecta al tratamiento de datos personales y a la libre circulaci\u00f3n de estos datos y por el que se deroga la Directiva 95\/46\/CE, TOLDOS CORONA, S.L. le informa que, los datos personales que se faciliten mediante los formularios de esta p\u00e1gina web, quedar\u00e1n registrados en los ficheros responsabilidad de TOLDOS CORONA, S.L., con la finalidad de gestionar los servicios ofrecidos, tramitar solicitudes, realizar tareas administrativas y de publicidad y marketing, bien directamente desde TOLDOS CORONA, S.L. o bien a trav\u00e9s de sociedades vinculadas, que tengan un contrato de servicios con la misma.<\/p>\n\n\n\n<p>La respuesta a los formularios o cuestionarios planteados para formalizar cualquier relaci\u00f3n con la entidad, es totalmente voluntaria. No obstante, la negativa del usuario a facilitar determinados datos, podr\u00e1 implicar la denegaci\u00f3n del servicio concreto solicitado.<\/p>\n\n\n\n<p>TOLDOS CORONA, S.L. garantiza, en todo caso, la seguridad de sus datos, de car\u00e1cter b\u00e1sico, adoptando a tal efecto, los niveles de seguridad exigidos por la legislaci\u00f3n vigente en materia de protecci\u00f3n de datos, mediante el uso de cuantas medidas t\u00e9cnicas y organizativas sean necesarias para evitar la p\u00e9rdida, mal uso, alteraci\u00f3n y acceso no autorizado a los referidos datos.<\/p>\n\n\n\n<p>El usuario podr\u00e1 ejercer sus derechos de acceso, rectificaci\u00f3n, supresi\u00f3n, portabilidad de datos, limitaci\u00f3n, oposici\u00f3n, a retirar el consentimiento prestado y a reclamar ante la Autoridad de control en los t\u00e9rminos legalmente previstos en materia de protecci\u00f3n de datos, debiendo para ello dirigir una comunicaci\u00f3n mediante correo postal a 03187 -Los Montesinos (Alicante), Partida Lo Blanc, 113 o enviando un mensaje de correo electr\u00f3nico a la siguiente direcci\u00f3n:&nbsp;<a href=\"mailto:info@panelsandwichamediometro.com\">info@toldoscorona.com<\/a>, indicando en ambos casos su nombre, apellidos y copia de su documento acreditativo de identidad.<\/p>\n\n\n\n<p>El ejercicio de derechos deber\u00e1 ser realizado por el propio usuario, no obstante, podr\u00e1n ser ejecutados por una persona autorizada como representante legal del autorizado. En tal caso, se deber\u00e1 aportar la documentaci\u00f3n que acredite esta representaci\u00f3n del interesado.<\/p>\n\n\n\n<p>TOLDOS CORONA, S.L. informa y garantiza expresamente a los usuarios que sus datos personales no ser\u00e1n cedidos, en ning\u00fan caso, a terceros y que siempre que fuera a realizarse alg\u00fan tipo de cesi\u00f3n de datos personales, de forma previa, se solicitar\u00eda el consentimiento expreso, informado e inequ\u00edvoco por parte de los titulares.<\/p>\n\n\n\n<p>TOLDOS CORONA, S.L. se reserva el derecho de efectuar, sin previo aviso, las modificaciones que considere oportunas en su portal, pudiendo cambiar, suprimir o a\u00f1adir tanto los contenidos y servicios que se presenten a trav\u00e9s de la misma como la forma en la que \u00e9stos aparezcan presentados o localizados en su portal web.<\/p>\n\n\n\n<p>Para la resoluci\u00f3n de todas las controversias o cuestiones relacionadas con el presente sitio web o de las actividades en \u00e9l desarrolladas, ser\u00e1 de aplicaci\u00f3n la legislaci\u00f3n espa\u00f1ola, a la que se someten expresamente las partes.<\/p>\n\n\n\n<h2 class=\"wp-block-heading\"><strong>4. Limitaci\u00f3n de responsabilidad<\/strong><\/h2>\n\n\n\n<p>TOLDOS CORONA, S.L. ser\u00e1 responsable \u00fanica y exclusivamente de los da\u00f1os y perjuicios que tengan su origen en actos e informaciones realizados o facilitados por ella. No ser\u00e1 aplicable, de conformidad a lo dispuesto en el C\u00f3digo Civil Espa\u00f1ol, de actos realizados por terceros.<\/p>\n\n\n\n<p>TOLDOS CORONA, S.L. ha puesto todos los medios razonables por su parte para que la informaci\u00f3n obtenida a trav\u00e9s de su p\u00e1gina web sea exacta y correcta.<\/p>\n<\/div>\n\n\n\n<div class=\"wp-block-column is-layout-flow wp-block-column-is-layout-flow\" style=\"flex-basis:15%\"><\/div>\n<\/div>\n\n\n\n<h1 class=\"wp-block-heading\"><\/h1>","protected":false},"excerpt":{"rendered":"<p>Aviso legal En cumplimiento de la Ley 23\/2002, de 11 de julio de Servicios de la Sociedad de la Informaci\u00f3n y de Comercio Electr\u00f3nico, la mercantil TOLDOS CORONA 2015, S.L. es la titular del sitio web&nbsp;toldoscorona.com De acuerdo con la exigencia del art\u00edculo 10 de la citada Ley, TOLDOS CORONA, S.L. informa de los siguientes [&hellip;]<\/p>\n","protected":false},"author":1,"featured_media":0,"parent":0,"menu_order":0,"comment_status":"closed","ping_status":"closed","template":"","meta":{"footnotes":""},"class_list":["post-2461","page","type-page","status-publish","hentry"],"yoast_head":"<!-- This site is optimized with the Yoast SEO plugin v26.8 - https:\/\/yoast.com\/product\/yoast-seo-wordpress\/ -->\n<title>Aviso Legal - Toldos Corona<\/title>\n<meta name=\"robots\" content=\"index, follow, max-snippet:-1, max-image-preview:large, max-video-preview:-1\" \/>\n<link rel=\"canonical\" href=\"https:\/\/toldoscorona.es\/en\/aviso-legal\/\" \/>\n<meta property=\"og:locale\" content=\"en_GB\" \/>\n<meta property=\"og:type\" content=\"article\" \/>\n<meta property=\"og:title\" content=\"Aviso Legal - Toldos Corona\" \/>\n<meta property=\"og:description\" content=\"Aviso legal En cumplimiento de la Ley 23\/2002, de 11 de julio de Servicios de la Sociedad de la Informaci\u00f3n y de Comercio Electr\u00f3nico, la mercantil TOLDOS CORONA 2015, S.L. es la titular del sitio web&nbsp;toldoscorona.com De acuerdo con la exigencia del art\u00edculo 10 de la citada Ley, TOLDOS CORONA, S.L. informa de los siguientes [&hellip;]\" \/>\n<meta property=\"og:url\" content=\"https:\/\/toldoscorona.es\/en\/aviso-legal\/\" \/>\n<meta property=\"og:site_name\" content=\"Toldos Corona\" \/>\n<meta property=\"article:publisher\" content=\"https:\/\/www.facebook.com\/p\/Toldos-Corona-100064004055766\/?locale=es_LA\" \/>\n<meta property=\"article:modified_time\" content=\"2025-08-29T11:28:44+00:00\" \/>\n<meta name=\"twitter:card\" content=\"summary_large_image\" \/>\n<meta name=\"twitter:site\" content=\"@toldoscoronasl\" \/>\n<meta name=\"twitter:label1\" content=\"Estimated reading time\" \/>\n\t<meta name=\"twitter:data1\" content=\"7 minutes\" \/>\n<script type=\"application\/ld+json\" class=\"yoast-schema-graph\">{\"@context\":\"https:\/\/schema.org\",\"@graph\":[{\"@type\":\"WebPage\",\"@id\":\"https:\/\/toldoscorona.es\/aviso-legal\/\",\"url\":\"https:\/\/toldoscorona.es\/aviso-legal\/\",\"name\":\"Aviso Legal - Toldos Corona\",\"isPartOf\":{\"@id\":\"https:\/\/toldoscorona.es\/#website\"},\"datePublished\":\"2025-08-29T11:17:46+00:00\",\"dateModified\":\"2025-08-29T11:28:44+00:00\",\"breadcrumb\":{\"@id\":\"https:\/\/toldoscorona.es\/aviso-legal\/#breadcrumb\"},\"inLanguage\":\"en-GB\",\"potentialAction\":[{\"@type\":\"ReadAction\",\"target\":[\"https:\/\/toldoscorona.es\/aviso-legal\/\"]}]},{\"@type\":\"BreadcrumbList\",\"@id\":\"https:\/\/toldoscorona.es\/aviso-legal\/#breadcrumb\",\"itemListElement\":[{\"@type\":\"ListItem\",\"position\":1,\"name\":\"Portada\",\"item\":\"https:\/\/toldoscorona.es\/\"},{\"@type\":\"ListItem\",\"position\":2,\"name\":\"Aviso Legal\"}]},{\"@type\":\"WebSite\",\"@id\":\"https:\/\/toldoscorona.es\/#website\",\"url\":\"https:\/\/toldoscorona.es\/\",\"name\":\"Toldos Corona\",\"description\":\"Toldos, p\u00e9rgolas, bioclim\u00e1ticas y mucho m\u00e1s.\",\"publisher\":{\"@id\":\"https:\/\/toldoscorona.es\/#organization\"},\"potentialAction\":[{\"@type\":\"SearchAction\",\"target\":{\"@type\":\"EntryPoint\",\"urlTemplate\":\"https:\/\/toldoscorona.es\/?s={search_term_string}\"},\"query-input\":{\"@type\":\"PropertyValueSpecification\",\"valueRequired\":true,\"valueName\":\"search_term_string\"}}],\"inLanguage\":\"en-GB\"},{\"@type\":\"Organization\",\"@id\":\"https:\/\/toldoscorona.es\/#organization\",\"name\":\"Toldos Corona 2015 SL\",\"url\":\"https:\/\/toldoscorona.es\/\",\"logo\":{\"@type\":\"ImageObject\",\"inLanguage\":\"en-GB\",\"@id\":\"https:\/\/toldoscorona.es\/#\/schema\/logo\/image\/\",\"url\":\"https:\/\/toldoscorona.es\/wp-content\/uploads\/2024\/12\/Logo-Corona-copia-scaled.jpg\",\"contentUrl\":\"https:\/\/toldoscorona.es\/wp-content\/uploads\/2024\/12\/Logo-Corona-copia-scaled.jpg\",\"width\":2560,\"height\":1635,\"caption\":\"Toldos Corona 2015 SL\"},\"image\":{\"@id\":\"https:\/\/toldoscorona.es\/#\/schema\/logo\/image\/\"},\"sameAs\":[\"https:\/\/www.facebook.com\/p\/Toldos-Corona-100064004055766\/?locale=es_LA\",\"https:\/\/x.com\/toldoscoronasl\",\"https:\/\/www.instagram.com\/toldoscoronasl\",\"https:\/\/www.tiktok.com\/@toldoscoronasl?_t=8sXGn6HKFf6&_r=1\"]}]}<\/script>\n<!-- \/ Yoast SEO plugin. -->","yoast_head_json":{"title":"Aviso Legal - Toldos Corona","robots":{"index":"index","follow":"follow","max-snippet":"max-snippet:-1","max-image-preview":"max-image-preview:large","max-video-preview":"max-video-preview:-1"},"canonical":"https:\/\/toldoscorona.es\/en\/aviso-legal\/","og_locale":"en_GB","og_type":"article","og_title":"Aviso Legal - Toldos Corona","og_description":"Aviso legal En cumplimiento de la Ley 23\/2002, de 11 de julio de Servicios de la Sociedad de la Informaci\u00f3n y de Comercio Electr\u00f3nico, la mercantil TOLDOS CORONA 2015, S.L. es la titular del sitio web&nbsp;toldoscorona.com De acuerdo con la exigencia del art\u00edculo 10 de la citada Ley, TOLDOS CORONA, S.L. informa de los siguientes [&hellip;]","og_url":"https:\/\/toldoscorona.es\/en\/aviso-legal\/","og_site_name":"Toldos Corona","article_publisher":"https:\/\/www.facebook.com\/p\/Toldos-Corona-100064004055766\/?locale=es_LA","article_modified_time":"2025-08-29T11:28:44+00:00","twitter_card":"summary_large_image","twitter_site":"@toldoscoronasl","twitter_misc":{"Estimated reading time":"7 minutes"},"schema":{"@context":"https:\/\/schema.org","@graph":[{"@type":"WebPage","@id":"https:\/\/toldoscorona.es\/aviso-legal\/","url":"https:\/\/toldoscorona.es\/aviso-legal\/","name":"Aviso Legal - Toldos Corona","isPartOf":{"@id":"https:\/\/toldoscorona.es\/#website"},"datePublished":"2025-08-29T11:17:46+00:00","dateModified":"2025-08-29T11:28:44+00:00","breadcrumb":{"@id":"https:\/\/toldoscorona.es\/aviso-legal\/#breadcrumb"},"inLanguage":"en-GB","potentialAction":[{"@type":"ReadAction","target":["https:\/\/toldoscorona.es\/aviso-legal\/"]}]},{"@type":"BreadcrumbList","@id":"https:\/\/toldoscorona.es\/aviso-legal\/#breadcrumb","itemListElement":[{"@type":"ListItem","position":1,"name":"Portada","item":"https:\/\/toldoscorona.es\/"},{"@type":"ListItem","position":2,"name":"Aviso Legal"}]},{"@type":"WebSite","@id":"https:\/\/toldoscorona.es\/#website","url":"https:\/\/toldoscorona.es\/","name":"Toldos Corona","description":"Toldos, p\u00e9rgolas, bioclim\u00e1ticas y mucho m\u00e1s.","publisher":{"@id":"https:\/\/toldoscorona.es\/#organization"},"potentialAction":[{"@type":"SearchAction","target":{"@type":"EntryPoint","urlTemplate":"https:\/\/toldoscorona.es\/?s={search_term_string}"},"query-input":{"@type":"PropertyValueSpecification","valueRequired":true,"valueName":"search_term_string"}}],"inLanguage":"en-GB"},{"@type":"Organization","@id":"https:\/\/toldoscorona.es\/#organization","name":"Toldos Corona 2015 SL","url":"https:\/\/toldoscorona.es\/","logo":{"@type":"ImageObject","inLanguage":"en-GB","@id":"https:\/\/toldoscorona.es\/#\/schema\/logo\/image\/","url":"https:\/\/toldoscorona.es\/wp-content\/uploads\/2024\/12\/Logo-Corona-copia-scaled.jpg","contentUrl":"https:\/\/toldoscorona.es\/wp-content\/uploads\/2024\/12\/Logo-Corona-copia-scaled.jpg","width":2560,"height":1635,"caption":"Toldos Corona 2015 SL"},"image":{"@id":"https:\/\/toldoscorona.es\/#\/schema\/logo\/image\/"},"sameAs":["https:\/\/www.facebook.com\/p\/Toldos-Corona-100064004055766\/?locale=es_LA","https:\/\/x.com\/toldoscoronasl","https:\/\/www.instagram.com\/toldoscoronasl","https:\/\/www.tiktok.com\/@toldoscoronasl?_t=8sXGn6HKFf6&_r=1"]}]}},"_links":{"self":[{"href":"https:\/\/toldoscorona.es\/en\/wp-json\/wp\/v2\/pages\/2461","targetHints":{"allow":["GET"]}}],"collection":[{"href":"https:\/\/toldoscorona.es\/en\/wp-json\/wp\/v2\/pages"}],"about":[{"href":"https:\/\/toldoscorona.es\/en\/wp-json\/wp\/v2\/types\/page"}],"author":[{"embeddable":true,"href":"https:\/\/toldoscorona.es\/en\/wp-json\/wp\/v2\/users\/1"}],"replies":[{"embeddable":true,"href":"https:\/\/toldoscorona.es\/en\/wp-json\/wp\/v2\/comments?post=2461"}],"version-history":[{"count":4,"href":"https:\/\/toldoscorona.es\/en\/wp-json\/wp\/v2\/pages\/2461\/revisions"}],"predecessor-version":[{"id":2468,"href":"https:\/\/toldoscorona.es\/en\/wp-json\/wp\/v2\/pages\/2461\/revisions\/2468"}],"wp:attachment":[{"href":"https:\/\/toldoscorona.es\/en\/wp-json\/wp\/v2\/media?parent=2461"}],"curies":[{"name":"wp","href":"https:\/\/api.w.org\/{rel}","templated":true}]}}