{"id":2476,"date":"2025-10-14T13:17:43","date_gmt":"2025-10-14T13:17:43","guid":{"rendered":"https:\/\/toldoscorona.es\/?page_id=2476"},"modified":"2025-10-14T13:28:40","modified_gmt":"2025-10-14T13:28:40","slug":"velas","status":"publish","type":"page","link":"https:\/\/toldoscorona.es\/en\/productos\/velas\/","title":{"rendered":"Sails"},"content":{"rendered":"<hr class=\"wp-block-separator alignfull has-alpha-channel-opacity\"\/>\n\n\n\n<div class=\"wp-block-columns is-layout-flex wp-container-core-columns-is-layout-1 wp-block-columns-is-layout-flex\">\n<div class=\"wp-block-column is-layout-flow wp-block-column-is-layout-flow\" style=\"flex-basis:15%\"><\/div>\n\n\n\n<div class=\"wp-block-column is-layout-flow wp-block-column-is-layout-flow\" style=\"flex-basis:70%\">\n<figure class=\"wp-block-image aligncenter size-large is-resized\"><img loading=\"lazy\" decoding=\"async\" width=\"1024\" height=\"252\" src=\"https:\/\/toldoscorona.es\/wp-content\/uploads\/2025\/10\/sails-scaled.webp\" alt=\"\" class=\"wp-image-2486\" style=\"width:439px;height:auto\" srcset=\"https:\/\/toldoscorona.es\/wp-content\/uploads\/2025\/10\/sails-scaled.webp 2560w, https:\/\/toldoscorona.es\/wp-content\/uploads\/2025\/10\/sails-600x148.webp 600w, https:\/\/toldoscorona.es\/wp-content\/uploads\/2025\/10\/sails-1024x252.webp 1024w, https:\/\/toldoscorona.es\/wp-content\/uploads\/2025\/10\/sails-768x189.webp 768w, https:\/\/toldoscorona.es\/wp-content\/uploads\/2025\/10\/sails-1536x379.webp 1536w, https:\/\/toldoscorona.es\/wp-content\/uploads\/2025\/10\/sails-2048x505.webp 2048w, https:\/\/toldoscorona.es\/wp-content\/uploads\/2025\/10\/sails-18x4.webp 18w\" sizes=\"auto, (max-width: 1024px) 100vw, 1024px\" \/><\/figure>\n\n\n\n<div style=\"height:30px\" aria-hidden=\"true\" class=\"wp-block-spacer\"><\/div>\n<\/div>\n\n\n\n<div class=\"wp-block-column is-layout-flow wp-block-column-is-layout-flow\" style=\"flex-basis:15%\"><\/div>\n<\/div>\n\n\n\n<div class=\"wp-block-columns is-layout-flex wp-container-core-columns-is-layout-4 wp-block-columns-is-layout-flex\">\n<div class=\"wp-block-column is-layout-flow wp-block-column-is-layout-flow\" style=\"flex-basis:15%\"><\/div>\n\n\n\n<div class=\"wp-block-column is-layout-flow wp-block-column-is-layout-flow\" style=\"flex-basis:70%\">\n<p class=\"translation-block\">In the world of awnings, a sail refers to a fabric structure designed to provide shade in outdoor spaces, visually resembling a ship's sail.<\/p>\n\n\n\n<div class=\"wp-block-columns is-layout-flex wp-container-core-columns-is-layout-2 wp-block-columns-is-layout-flex\">\n<div class=\"wp-block-column is-layout-flow wp-block-column-is-layout-flow\">\n<figure data-wp-context=\"{&quot;imageId&quot;:&quot;69e66862a0c72&quot;}\" data-wp-interactive=\"core\/image\" class=\"wp-block-image size-large has-custom-border wp-lightbox-container\"><img loading=\"lazy\" decoding=\"async\" width=\"1024\" height=\"752\" data-wp-class--hide=\"state.isContentHidden\" data-wp-class--show=\"state.isContentVisible\" data-wp-init=\"callbacks.setButtonStyles\" data-wp-on-async--click=\"actions.showLightbox\" data-wp-on-async--load=\"callbacks.setButtonStyles\" data-wp-on-async-window--resize=\"callbacks.setButtonStyles\" src=\"https:\/\/toldoscorona.es\/wp-content\/uploads\/2025\/10\/Vela-01-1024x752.webp\" alt=\"\" class=\"wp-image-2478\" style=\"border-radius:20px;box-shadow:var(--wp--preset--shadow--natural)\" srcset=\"https:\/\/toldoscorona.es\/wp-content\/uploads\/2025\/10\/Vela-01-1024x752.webp 1024w, https:\/\/toldoscorona.es\/wp-content\/uploads\/2025\/10\/Vela-01-600x441.webp 600w, https:\/\/toldoscorona.es\/wp-content\/uploads\/2025\/10\/Vela-01-768x564.webp 768w, https:\/\/toldoscorona.es\/wp-content\/uploads\/2025\/10\/Vela-01-16x12.webp 16w, https:\/\/toldoscorona.es\/wp-content\/uploads\/2025\/10\/Vela-01.webp 1485w\" sizes=\"auto, (max-width: 1024px) 100vw, 1024px\" \/><button\n\t\t\tclass=\"lightbox-trigger\"\n\t\t\ttype=\"button\"\n\t\t\taria-haspopup=\"dialog\"\n\t\t\taria-label=\"Enlarge image\"\n\t\t\tdata-wp-init=\"callbacks.initTriggerButton\"\n\t\t\tdata-wp-on-async--click=\"actions.showLightbox\"\n\t\t\tdata-wp-style--right=\"state.imageButtonRight\"\n\t\t\tdata-wp-style--top=\"state.imageButtonTop\"\n\t\t>\n\t\t\t<svg xmlns=\"http:\/\/www.w3.org\/2000\/svg\" width=\"12\" height=\"12\" fill=\"none\" viewbox=\"0 0 12 12\">\n\t\t\t\t<path fill=\"#fff\" d=\"M2 0a2 2 0 0 0-2 2v2h1.5V2a.5.5 0 0 1 .5-.5h2V0H2Zm2 10.5H2a.5.5 0 0 1-.5-.5V8H0v2a2 2 0 0 0 2 2h2v-1.5ZM8 12v-1.5h2a.5.5 0 0 0 .5-.5V8H12v2a2 2 0 0 1-2 2H8Zm2-12a2 2 0 0 1 2 2v2h-1.5V2a.5.5 0 0 0-.5-.5H8V0h2Z\" \/>\n\t\t\t<\/svg>\n\t\t<\/button><\/figure>\n<\/div>\n\n\n\n<div class=\"wp-block-column is-layout-flow wp-block-column-is-layout-flow\">\n<figure data-wp-context=\"{&quot;imageId&quot;:&quot;69e66862a129b&quot;}\" data-wp-interactive=\"core\/image\" class=\"wp-block-image size-large has-custom-border wp-lightbox-container\"><img loading=\"lazy\" decoding=\"async\" width=\"1024\" height=\"752\" data-wp-class--hide=\"state.isContentHidden\" data-wp-class--show=\"state.isContentVisible\" data-wp-init=\"callbacks.setButtonStyles\" data-wp-on-async--click=\"actions.showLightbox\" data-wp-on-async--load=\"callbacks.setButtonStyles\" data-wp-on-async-window--resize=\"callbacks.setButtonStyles\" src=\"https:\/\/toldoscorona.es\/wp-content\/uploads\/2025\/10\/Vela-02-1024x752.webp\" alt=\"\" class=\"wp-image-2479\" style=\"border-radius:20px;box-shadow:var(--wp--preset--shadow--natural)\" srcset=\"https:\/\/toldoscorona.es\/wp-content\/uploads\/2025\/10\/Vela-02-1024x752.webp 1024w, https:\/\/toldoscorona.es\/wp-content\/uploads\/2025\/10\/Vela-02-600x441.webp 600w, https:\/\/toldoscorona.es\/wp-content\/uploads\/2025\/10\/Vela-02-768x564.webp 768w, https:\/\/toldoscorona.es\/wp-content\/uploads\/2025\/10\/Vela-02-16x12.webp 16w, https:\/\/toldoscorona.es\/wp-content\/uploads\/2025\/10\/Vela-02.webp 1485w\" sizes=\"auto, (max-width: 1024px) 100vw, 1024px\" \/><button\n\t\t\tclass=\"lightbox-trigger\"\n\t\t\ttype=\"button\"\n\t\t\taria-haspopup=\"dialog\"\n\t\t\taria-label=\"Enlarge image\"\n\t\t\tdata-wp-init=\"callbacks.initTriggerButton\"\n\t\t\tdata-wp-on-async--click=\"actions.showLightbox\"\n\t\t\tdata-wp-style--right=\"state.imageButtonRight\"\n\t\t\tdata-wp-style--top=\"state.imageButtonTop\"\n\t\t>\n\t\t\t<svg xmlns=\"http:\/\/www.w3.org\/2000\/svg\" width=\"12\" height=\"12\" fill=\"none\" viewbox=\"0 0 12 12\">\n\t\t\t\t<path fill=\"#fff\" d=\"M2 0a2 2 0 0 0-2 2v2h1.5V2a.5.5 0 0 1 .5-.5h2V0H2Zm2 10.5H2a.5.5 0 0 1-.5-.5V8H0v2a2 2 0 0 0 2 2h2v-1.5ZM8 12v-1.5h2a.5.5 0 0 0 .5-.5V8H12v2a2 2 0 0 1-2 2H8Zm2-12a2 2 0 0 1 2 2v2h-1.5V2a.5.5 0 0 0-.5-.5H8V0h2Z\" \/>\n\t\t\t<\/svg>\n\t\t<\/button><\/figure>\n<\/div>\n\n\n\n<div class=\"wp-block-column is-layout-flow wp-block-column-is-layout-flow\">\n<figure data-wp-context=\"{&quot;imageId&quot;:&quot;69e66862a17ec&quot;}\" data-wp-interactive=\"core\/image\" class=\"wp-block-image size-large has-custom-border wp-lightbox-container\"><img loading=\"lazy\" decoding=\"async\" width=\"1024\" height=\"752\" data-wp-class--hide=\"state.isContentHidden\" data-wp-class--show=\"state.isContentVisible\" data-wp-init=\"callbacks.setButtonStyles\" data-wp-on-async--click=\"actions.showLightbox\" data-wp-on-async--load=\"callbacks.setButtonStyles\" data-wp-on-async-window--resize=\"callbacks.setButtonStyles\" src=\"https:\/\/toldoscorona.es\/wp-content\/uploads\/2025\/10\/Vela-03-1024x752.webp\" alt=\"\" class=\"wp-image-2480\" style=\"border-radius:20px;box-shadow:var(--wp--preset--shadow--natural)\" srcset=\"https:\/\/toldoscorona.es\/wp-content\/uploads\/2025\/10\/Vela-03-1024x752.webp 1024w, https:\/\/toldoscorona.es\/wp-content\/uploads\/2025\/10\/Vela-03-600x441.webp 600w, https:\/\/toldoscorona.es\/wp-content\/uploads\/2025\/10\/Vela-03-768x564.webp 768w, https:\/\/toldoscorona.es\/wp-content\/uploads\/2025\/10\/Vela-03-16x12.webp 16w, https:\/\/toldoscorona.es\/wp-content\/uploads\/2025\/10\/Vela-03.webp 1485w\" sizes=\"auto, (max-width: 1024px) 100vw, 1024px\" \/><button\n\t\t\tclass=\"lightbox-trigger\"\n\t\t\ttype=\"button\"\n\t\t\taria-haspopup=\"dialog\"\n\t\t\taria-label=\"Enlarge image\"\n\t\t\tdata-wp-init=\"callbacks.initTriggerButton\"\n\t\t\tdata-wp-on-async--click=\"actions.showLightbox\"\n\t\t\tdata-wp-style--right=\"state.imageButtonRight\"\n\t\t\tdata-wp-style--top=\"state.imageButtonTop\"\n\t\t>\n\t\t\t<svg xmlns=\"http:\/\/www.w3.org\/2000\/svg\" width=\"12\" height=\"12\" fill=\"none\" viewbox=\"0 0 12 12\">\n\t\t\t\t<path fill=\"#fff\" d=\"M2 0a2 2 0 0 0-2 2v2h1.5V2a.5.5 0 0 1 .5-.5h2V0H2Zm2 10.5H2a.5.5 0 0 1-.5-.5V8H0v2a2 2 0 0 0 2 2h2v-1.5ZM8 12v-1.5h2a.5.5 0 0 0 .5-.5V8H12v2a2 2 0 0 1-2 2H8Zm2-12a2 2 0 0 1 2 2v2h-1.5V2a.5.5 0 0 0-.5-.5H8V0h2Z\" \/>\n\t\t\t<\/svg>\n\t\t<\/button><\/figure>\n<\/div>\n<\/div>\n\n\n\n<p class=\"translation-block\">These structures, known as shade sails, are made from strong, durable fabrics, such as high-quality polyester or canvas, that offer protection against ultraviolet (UV) rays, rain, and wind. They are installed taut between anchor points, such as poles or walls, and can take triangular, square, or rectangular shapes, allowing for customized adaptation to different spaces and needs.<\/p>\n\n\n\n<div class=\"wp-block-columns is-layout-flex wp-container-core-columns-is-layout-3 wp-block-columns-is-layout-flex\">\n<div class=\"wp-block-column is-layout-flow wp-block-column-is-layout-flow\">\n<figure data-wp-context=\"{&quot;imageId&quot;:&quot;69e66862a1db1&quot;}\" data-wp-interactive=\"core\/image\" class=\"wp-block-image size-large has-custom-border wp-lightbox-container\"><img loading=\"lazy\" decoding=\"async\" width=\"1024\" height=\"752\" data-wp-class--hide=\"state.isContentHidden\" data-wp-class--show=\"state.isContentVisible\" data-wp-init=\"callbacks.setButtonStyles\" data-wp-on-async--click=\"actions.showLightbox\" data-wp-on-async--load=\"callbacks.setButtonStyles\" data-wp-on-async-window--resize=\"callbacks.setButtonStyles\" src=\"https:\/\/toldoscorona.es\/wp-content\/uploads\/2025\/10\/Vela-04-1024x752.webp\" alt=\"\" class=\"wp-image-2481\" style=\"border-radius:20px;box-shadow:var(--wp--preset--shadow--natural)\" srcset=\"https:\/\/toldoscorona.es\/wp-content\/uploads\/2025\/10\/Vela-04-1024x752.webp 1024w, https:\/\/toldoscorona.es\/wp-content\/uploads\/2025\/10\/Vela-04-600x441.webp 600w, https:\/\/toldoscorona.es\/wp-content\/uploads\/2025\/10\/Vela-04-768x564.webp 768w, https:\/\/toldoscorona.es\/wp-content\/uploads\/2025\/10\/Vela-04-16x12.webp 16w, https:\/\/toldoscorona.es\/wp-content\/uploads\/2025\/10\/Vela-04.webp 1485w\" sizes=\"auto, (max-width: 1024px) 100vw, 1024px\" \/><button\n\t\t\tclass=\"lightbox-trigger\"\n\t\t\ttype=\"button\"\n\t\t\taria-haspopup=\"dialog\"\n\t\t\taria-label=\"Enlarge image\"\n\t\t\tdata-wp-init=\"callbacks.initTriggerButton\"\n\t\t\tdata-wp-on-async--click=\"actions.showLightbox\"\n\t\t\tdata-wp-style--right=\"state.imageButtonRight\"\n\t\t\tdata-wp-style--top=\"state.imageButtonTop\"\n\t\t>\n\t\t\t<svg xmlns=\"http:\/\/www.w3.org\/2000\/svg\" width=\"12\" height=\"12\" fill=\"none\" viewbox=\"0 0 12 12\">\n\t\t\t\t<path fill=\"#fff\" d=\"M2 0a2 2 0 0 0-2 2v2h1.5V2a.5.5 0 0 1 .5-.5h2V0H2Zm2 10.5H2a.5.5 0 0 1-.5-.5V8H0v2a2 2 0 0 0 2 2h2v-1.5ZM8 12v-1.5h2a.5.5 0 0 0 .5-.5V8H12v2a2 2 0 0 1-2 2H8Zm2-12a2 2 0 0 1 2 2v2h-1.5V2a.5.5 0 0 0-.5-.5H8V0h2Z\" \/>\n\t\t\t<\/svg>\n\t\t<\/button><\/figure>\n<\/div>\n\n\n\n<div class=\"wp-block-column is-layout-flow wp-block-column-is-layout-flow\">\n<figure data-wp-context=\"{&quot;imageId&quot;:&quot;69e66862a2287&quot;}\" data-wp-interactive=\"core\/image\" class=\"wp-block-image size-large has-custom-border wp-lightbox-container\"><img loading=\"lazy\" decoding=\"async\" width=\"1024\" height=\"752\" data-wp-class--hide=\"state.isContentHidden\" data-wp-class--show=\"state.isContentVisible\" data-wp-init=\"callbacks.setButtonStyles\" data-wp-on-async--click=\"actions.showLightbox\" data-wp-on-async--load=\"callbacks.setButtonStyles\" data-wp-on-async-window--resize=\"callbacks.setButtonStyles\" src=\"https:\/\/toldoscorona.es\/wp-content\/uploads\/2025\/10\/Vela-05-1024x752.webp\" alt=\"\" class=\"wp-image-2482\" style=\"border-radius:20px;box-shadow:var(--wp--preset--shadow--natural)\" srcset=\"https:\/\/toldoscorona.es\/wp-content\/uploads\/2025\/10\/Vela-05-1024x752.webp 1024w, https:\/\/toldoscorona.es\/wp-content\/uploads\/2025\/10\/Vela-05-600x441.webp 600w, https:\/\/toldoscorona.es\/wp-content\/uploads\/2025\/10\/Vela-05-768x564.webp 768w, https:\/\/toldoscorona.es\/wp-content\/uploads\/2025\/10\/Vela-05-16x12.webp 16w, https:\/\/toldoscorona.es\/wp-content\/uploads\/2025\/10\/Vela-05.webp 1485w\" sizes=\"auto, (max-width: 1024px) 100vw, 1024px\" \/><button\n\t\t\tclass=\"lightbox-trigger\"\n\t\t\ttype=\"button\"\n\t\t\taria-haspopup=\"dialog\"\n\t\t\taria-label=\"Enlarge image\"\n\t\t\tdata-wp-init=\"callbacks.initTriggerButton\"\n\t\t\tdata-wp-on-async--click=\"actions.showLightbox\"\n\t\t\tdata-wp-style--right=\"state.imageButtonRight\"\n\t\t\tdata-wp-style--top=\"state.imageButtonTop\"\n\t\t>\n\t\t\t<svg xmlns=\"http:\/\/www.w3.org\/2000\/svg\" width=\"12\" height=\"12\" fill=\"none\" viewbox=\"0 0 12 12\">\n\t\t\t\t<path fill=\"#fff\" d=\"M2 0a2 2 0 0 0-2 2v2h1.5V2a.5.5 0 0 1 .5-.5h2V0H2Zm2 10.5H2a.5.5 0 0 1-.5-.5V8H0v2a2 2 0 0 0 2 2h2v-1.5ZM8 12v-1.5h2a.5.5 0 0 0 .5-.5V8H12v2a2 2 0 0 1-2 2H8Zm2-12a2 2 0 0 1 2 2v2h-1.5V2a.5.5 0 0 0-.5-.5H8V0h2Z\" \/>\n\t\t\t<\/svg>\n\t\t<\/button><\/figure>\n<\/div>\n\n\n\n<div class=\"wp-block-column is-layout-flow wp-block-column-is-layout-flow\">\n<figure data-wp-context=\"{&quot;imageId&quot;:&quot;69e66862a2791&quot;}\" data-wp-interactive=\"core\/image\" class=\"wp-block-image size-large has-custom-border wp-lightbox-container\"><img loading=\"lazy\" decoding=\"async\" width=\"1024\" height=\"752\" data-wp-class--hide=\"state.isContentHidden\" data-wp-class--show=\"state.isContentVisible\" data-wp-init=\"callbacks.setButtonStyles\" data-wp-on-async--click=\"actions.showLightbox\" data-wp-on-async--load=\"callbacks.setButtonStyles\" data-wp-on-async-window--resize=\"callbacks.setButtonStyles\" src=\"https:\/\/toldoscorona.es\/wp-content\/uploads\/2025\/10\/Vela-06-1024x752.webp\" alt=\"\" class=\"wp-image-2483\" style=\"border-radius:20px;box-shadow:var(--wp--preset--shadow--natural)\" srcset=\"https:\/\/toldoscorona.es\/wp-content\/uploads\/2025\/10\/Vela-06-1024x752.webp 1024w, https:\/\/toldoscorona.es\/wp-content\/uploads\/2025\/10\/Vela-06-600x441.webp 600w, https:\/\/toldoscorona.es\/wp-content\/uploads\/2025\/10\/Vela-06-768x564.webp 768w, https:\/\/toldoscorona.es\/wp-content\/uploads\/2025\/10\/Vela-06-16x12.webp 16w, https:\/\/toldoscorona.es\/wp-content\/uploads\/2025\/10\/Vela-06.webp 1485w\" sizes=\"auto, (max-width: 1024px) 100vw, 1024px\" \/><button\n\t\t\tclass=\"lightbox-trigger\"\n\t\t\ttype=\"button\"\n\t\t\taria-haspopup=\"dialog\"\n\t\t\taria-label=\"Enlarge image\"\n\t\t\tdata-wp-init=\"callbacks.initTriggerButton\"\n\t\t\tdata-wp-on-async--click=\"actions.showLightbox\"\n\t\t\tdata-wp-style--right=\"state.imageButtonRight\"\n\t\t\tdata-wp-style--top=\"state.imageButtonTop\"\n\t\t>\n\t\t\t<svg xmlns=\"http:\/\/www.w3.org\/2000\/svg\" width=\"12\" height=\"12\" fill=\"none\" viewbox=\"0 0 12 12\">\n\t\t\t\t<path fill=\"#fff\" d=\"M2 0a2 2 0 0 0-2 2v2h1.5V2a.5.5 0 0 1 .5-.5h2V0H2Zm2 10.5H2a.5.5 0 0 1-.5-.5V8H0v2a2 2 0 0 0 2 2h2v-1.5ZM8 12v-1.5h2a.5.5 0 0 0 .5-.5V8H12v2a2 2 0 0 1-2 2H8Zm2-12a2 2 0 0 1 2 2v2h-1.5V2a.5.5 0 0 0-.5-.5H8V0h2Z\" \/>\n\t\t\t<\/svg>\n\t\t<\/button><\/figure>\n<\/div>\n<\/div>\n\n\n\n<p class=\"translation-block\">Their design not only serves a functional purpose by creating a <strong>refreshing microclimate<\/strong>, but also <strong>provides an aesthetic and modern touch to terraces, gardens or commercial spaces<\/strong>. In addition, some models include automatic winding systems with wind detectors for greater safety and comfort.<\/p>\n\n\n\n<hr class=\"wp-block-separator has-alpha-channel-opacity is-style-dots\"\/>\n<\/div>\n\n\n\n<div class=\"wp-block-column is-layout-flow wp-block-column-is-layout-flow\" style=\"flex-basis:15%\"><\/div>\n<\/div>\n\n\n\n<p><\/p>","protected":false},"excerpt":{"rendered":"<p>Una vela en el mundo de los toldos se refiere a una&nbsp;estructura de tela dise\u00f1ada para proporcionar sombra en espacios exteriores, asemej\u00e1ndose visualmente a una vela de barco. Estas estructuras, conocidas como toldos velas, est\u00e1n fabricadas con telas resistentes y duraderas, como poli\u00e9ster de alta calidad o lona, que ofrecen protecci\u00f3n contra los rayos ultravioleta [&hellip;]<\/p>\n","protected":false},"author":1,"featured_media":0,"parent":21,"menu_order":0,"comment_status":"closed","ping_status":"closed","template":"","meta":{"footnotes":""},"class_list":["post-2476","page","type-page","status-publish","hentry"],"yoast_head":"<!-- This site is optimized with the Yoast SEO plugin v26.8 - https:\/\/yoast.com\/product\/yoast-seo-wordpress\/ -->\n<title>Velas - Toldos Corona<\/title>\n<meta name=\"robots\" content=\"index, follow, max-snippet:-1, max-image-preview:large, max-video-preview:-1\" \/>\n<link rel=\"canonical\" href=\"https:\/\/toldoscorona.es\/en\/productos\/velas\/\" \/>\n<meta property=\"og:locale\" content=\"en_GB\" \/>\n<meta property=\"og:type\" content=\"article\" \/>\n<meta property=\"og:title\" content=\"Velas - Toldos Corona\" \/>\n<meta property=\"og:description\" content=\"Una vela en el mundo de los toldos se refiere a una&nbsp;estructura de tela dise\u00f1ada para proporcionar sombra en espacios exteriores, asemej\u00e1ndose visualmente a una vela de barco. Estas estructuras, conocidas como toldos velas, est\u00e1n fabricadas con telas resistentes y duraderas, como poli\u00e9ster de alta calidad o lona, que ofrecen protecci\u00f3n contra los rayos ultravioleta [&hellip;]\" \/>\n<meta property=\"og:url\" content=\"https:\/\/toldoscorona.es\/en\/productos\/velas\/\" \/>\n<meta property=\"og:site_name\" content=\"Toldos Corona\" \/>\n<meta property=\"article:publisher\" content=\"https:\/\/www.facebook.com\/p\/Toldos-Corona-100064004055766\/?locale=es_LA\" \/>\n<meta property=\"article:modified_time\" content=\"2025-10-14T13:28:40+00:00\" \/>\n<meta property=\"og:image\" content=\"https:\/\/toldoscorona.es\/wp-content\/uploads\/2025\/10\/velas-scaled.webp\" \/>\n\t<meta property=\"og:image:width\" content=\"2560\" \/>\n\t<meta property=\"og:image:height\" content=\"631\" \/>\n\t<meta property=\"og:image:type\" content=\"image\/webp\" \/>\n<meta name=\"twitter:card\" content=\"summary_large_image\" \/>\n<meta name=\"twitter:site\" content=\"@toldoscoronasl\" \/>\n<meta name=\"twitter:label1\" content=\"Estimated reading time\" \/>\n\t<meta name=\"twitter:data1\" content=\"3 minutes\" \/>\n<script type=\"application\/ld+json\" class=\"yoast-schema-graph\">{\"@context\":\"https:\/\/schema.org\",\"@graph\":[{\"@type\":\"WebPage\",\"@id\":\"https:\/\/toldoscorona.es\/productos\/velas\/\",\"url\":\"https:\/\/toldoscorona.es\/productos\/velas\/\",\"name\":\"Velas - Toldos Corona\",\"isPartOf\":{\"@id\":\"https:\/\/toldoscorona.es\/#website\"},\"primaryImageOfPage\":{\"@id\":\"https:\/\/toldoscorona.es\/productos\/velas\/#primaryimage\"},\"image\":{\"@id\":\"https:\/\/toldoscorona.es\/productos\/velas\/#primaryimage\"},\"thumbnailUrl\":\"https:\/\/toldoscorona.es\/wp-content\/uploads\/2025\/10\/velas-1024x252.webp\",\"datePublished\":\"2025-10-14T13:17:43+00:00\",\"dateModified\":\"2025-10-14T13:28:40+00:00\",\"breadcrumb\":{\"@id\":\"https:\/\/toldoscorona.es\/productos\/velas\/#breadcrumb\"},\"inLanguage\":\"en-GB\",\"potentialAction\":[{\"@type\":\"ReadAction\",\"target\":[\"https:\/\/toldoscorona.es\/productos\/velas\/\"]}]},{\"@type\":\"ImageObject\",\"inLanguage\":\"en-GB\",\"@id\":\"https:\/\/toldoscorona.es\/productos\/velas\/#primaryimage\",\"url\":\"https:\/\/toldoscorona.es\/wp-content\/uploads\/2025\/10\/velas-1024x252.webp\",\"contentUrl\":\"https:\/\/toldoscorona.es\/wp-content\/uploads\/2025\/10\/velas-1024x252.webp\"},{\"@type\":\"BreadcrumbList\",\"@id\":\"https:\/\/toldoscorona.es\/productos\/velas\/#breadcrumb\",\"itemListElement\":[{\"@type\":\"ListItem\",\"position\":1,\"name\":\"Portada\",\"item\":\"https:\/\/toldoscorona.es\/\"},{\"@type\":\"ListItem\",\"position\":2,\"name\":\"PRODUCTOS\",\"item\":\"https:\/\/toldoscorona.es\/productos\/\"},{\"@type\":\"ListItem\",\"position\":3,\"name\":\"Velas\"}]},{\"@type\":\"WebSite\",\"@id\":\"https:\/\/toldoscorona.es\/#website\",\"url\":\"https:\/\/toldoscorona.es\/\",\"name\":\"Toldos Corona\",\"description\":\"Toldos, p\u00e9rgolas, bioclim\u00e1ticas y mucho m\u00e1s.\",\"publisher\":{\"@id\":\"https:\/\/toldoscorona.es\/#organization\"},\"potentialAction\":[{\"@type\":\"SearchAction\",\"target\":{\"@type\":\"EntryPoint\",\"urlTemplate\":\"https:\/\/toldoscorona.es\/?s={search_term_string}\"},\"query-input\":{\"@type\":\"PropertyValueSpecification\",\"valueRequired\":true,\"valueName\":\"search_term_string\"}}],\"inLanguage\":\"en-GB\"},{\"@type\":\"Organization\",\"@id\":\"https:\/\/toldoscorona.es\/#organization\",\"name\":\"Toldos Corona 2015 SL\",\"url\":\"https:\/\/toldoscorona.es\/\",\"logo\":{\"@type\":\"ImageObject\",\"inLanguage\":\"en-GB\",\"@id\":\"https:\/\/toldoscorona.es\/#\/schema\/logo\/image\/\",\"url\":\"https:\/\/toldoscorona.es\/wp-content\/uploads\/2024\/12\/Logo-Corona-copia-scaled.jpg\",\"contentUrl\":\"https:\/\/toldoscorona.es\/wp-content\/uploads\/2024\/12\/Logo-Corona-copia-scaled.jpg\",\"width\":2560,\"height\":1635,\"caption\":\"Toldos Corona 2015 SL\"},\"image\":{\"@id\":\"https:\/\/toldoscorona.es\/#\/schema\/logo\/image\/\"},\"sameAs\":[\"https:\/\/www.facebook.com\/p\/Toldos-Corona-100064004055766\/?locale=es_LA\",\"https:\/\/x.com\/toldoscoronasl\",\"https:\/\/www.instagram.com\/toldoscoronasl\",\"https:\/\/www.tiktok.com\/@toldoscoronasl?_t=8sXGn6HKFf6&_r=1\"]}]}<\/script>\n<!-- \/ Yoast SEO plugin. -->","yoast_head_json":{"title":"Velas - Toldos Corona","robots":{"index":"index","follow":"follow","max-snippet":"max-snippet:-1","max-image-preview":"max-image-preview:large","max-video-preview":"max-video-preview:-1"},"canonical":"https:\/\/toldoscorona.es\/en\/productos\/velas\/","og_locale":"en_GB","og_type":"article","og_title":"Velas - Toldos Corona","og_description":"Una vela en el mundo de los toldos se refiere a una&nbsp;estructura de tela dise\u00f1ada para proporcionar sombra en espacios exteriores, asemej\u00e1ndose visualmente a una vela de barco. Estas estructuras, conocidas como toldos velas, est\u00e1n fabricadas con telas resistentes y duraderas, como poli\u00e9ster de alta calidad o lona, que ofrecen protecci\u00f3n contra los rayos ultravioleta [&hellip;]","og_url":"https:\/\/toldoscorona.es\/en\/productos\/velas\/","og_site_name":"Toldos Corona","article_publisher":"https:\/\/www.facebook.com\/p\/Toldos-Corona-100064004055766\/?locale=es_LA","article_modified_time":"2025-10-14T13:28:40+00:00","og_image":[{"width":2560,"height":631,"url":"https:\/\/toldoscorona.es\/wp-content\/uploads\/2025\/10\/velas-scaled.webp","type":"image\/webp"}],"twitter_card":"summary_large_image","twitter_site":"@toldoscoronasl","twitter_misc":{"Estimated reading time":"3 minutes"},"schema":{"@context":"https:\/\/schema.org","@graph":[{"@type":"WebPage","@id":"https:\/\/toldoscorona.es\/productos\/velas\/","url":"https:\/\/toldoscorona.es\/productos\/velas\/","name":"Velas - Toldos Corona","isPartOf":{"@id":"https:\/\/toldoscorona.es\/#website"},"primaryImageOfPage":{"@id":"https:\/\/toldoscorona.es\/productos\/velas\/#primaryimage"},"image":{"@id":"https:\/\/toldoscorona.es\/productos\/velas\/#primaryimage"},"thumbnailUrl":"https:\/\/toldoscorona.es\/wp-content\/uploads\/2025\/10\/velas-1024x252.webp","datePublished":"2025-10-14T13:17:43+00:00","dateModified":"2025-10-14T13:28:40+00:00","breadcrumb":{"@id":"https:\/\/toldoscorona.es\/productos\/velas\/#breadcrumb"},"inLanguage":"en-GB","potentialAction":[{"@type":"ReadAction","target":["https:\/\/toldoscorona.es\/productos\/velas\/"]}]},{"@type":"ImageObject","inLanguage":"en-GB","@id":"https:\/\/toldoscorona.es\/productos\/velas\/#primaryimage","url":"https:\/\/toldoscorona.es\/wp-content\/uploads\/2025\/10\/velas-1024x252.webp","contentUrl":"https:\/\/toldoscorona.es\/wp-content\/uploads\/2025\/10\/velas-1024x252.webp"},{"@type":"BreadcrumbList","@id":"https:\/\/toldoscorona.es\/productos\/velas\/#breadcrumb","itemListElement":[{"@type":"ListItem","position":1,"name":"Portada","item":"https:\/\/toldoscorona.es\/"},{"@type":"ListItem","position":2,"name":"PRODUCTOS","item":"https:\/\/toldoscorona.es\/productos\/"},{"@type":"ListItem","position":3,"name":"Velas"}]},{"@type":"WebSite","@id":"https:\/\/toldoscorona.es\/#website","url":"https:\/\/toldoscorona.es\/","name":"Toldos Corona","description":"Toldos, p\u00e9rgolas, bioclim\u00e1ticas y mucho m\u00e1s.","publisher":{"@id":"https:\/\/toldoscorona.es\/#organization"},"potentialAction":[{"@type":"SearchAction","target":{"@type":"EntryPoint","urlTemplate":"https:\/\/toldoscorona.es\/?s={search_term_string}"},"query-input":{"@type":"PropertyValueSpecification","valueRequired":true,"valueName":"search_term_string"}}],"inLanguage":"en-GB"},{"@type":"Organization","@id":"https:\/\/toldoscorona.es\/#organization","name":"Toldos Corona 2015 SL","url":"https:\/\/toldoscorona.es\/","logo":{"@type":"ImageObject","inLanguage":"en-GB","@id":"https:\/\/toldoscorona.es\/#\/schema\/logo\/image\/","url":"https:\/\/toldoscorona.es\/wp-content\/uploads\/2024\/12\/Logo-Corona-copia-scaled.jpg","contentUrl":"https:\/\/toldoscorona.es\/wp-content\/uploads\/2024\/12\/Logo-Corona-copia-scaled.jpg","width":2560,"height":1635,"caption":"Toldos Corona 2015 SL"},"image":{"@id":"https:\/\/toldoscorona.es\/#\/schema\/logo\/image\/"},"sameAs":["https:\/\/www.facebook.com\/p\/Toldos-Corona-100064004055766\/?locale=es_LA","https:\/\/x.com\/toldoscoronasl","https:\/\/www.instagram.com\/toldoscoronasl","https:\/\/www.tiktok.com\/@toldoscoronasl?_t=8sXGn6HKFf6&_r=1"]}]}},"_links":{"self":[{"href":"https:\/\/toldoscorona.es\/en\/wp-json\/wp\/v2\/pages\/2476","targetHints":{"allow":["GET"]}}],"collection":[{"href":"https:\/\/toldoscorona.es\/en\/wp-json\/wp\/v2\/pages"}],"about":[{"href":"https:\/\/toldoscorona.es\/en\/wp-json\/wp\/v2\/types\/page"}],"author":[{"embeddable":true,"href":"https:\/\/toldoscorona.es\/en\/wp-json\/wp\/v2\/users\/1"}],"replies":[{"embeddable":true,"href":"https:\/\/toldoscorona.es\/en\/wp-json\/wp\/v2\/comments?post=2476"}],"version-history":[{"count":3,"href":"https:\/\/toldoscorona.es\/en\/wp-json\/wp\/v2\/pages\/2476\/revisions"}],"predecessor-version":[{"id":2489,"href":"https:\/\/toldoscorona.es\/en\/wp-json\/wp\/v2\/pages\/2476\/revisions\/2489"}],"up":[{"embeddable":true,"href":"https:\/\/toldoscorona.es\/en\/wp-json\/wp\/v2\/pages\/21"}],"wp:attachment":[{"href":"https:\/\/toldoscorona.es\/en\/wp-json\/wp\/v2\/media?parent=2476"}],"curies":[{"name":"wp","href":"https:\/\/api.w.org\/{rel}","templated":true}]}}