{"id":329,"date":"2025-01-03T08:00:54","date_gmt":"2025-01-03T08:00:54","guid":{"rendered":"https:\/\/toldoscorona.es\/?page_id=329"},"modified":"2026-02-28T02:54:53","modified_gmt":"2026-02-28T02:54:53","slug":"formulario-de-contacto","status":"publish","type":"page","link":"https:\/\/toldoscorona.es\/en\/formulario-de-contacto\/","title":{"rendered":"Formulario de contacto"},"content":{"rendered":"\n<hr class=\"wp-block-separator alignfull has-alpha-channel-opacity\"\/>\n\n\n\n<div style=\"height:20px\" aria-hidden=\"true\" class=\"wp-block-spacer\"><\/div>\n\n\n\n<div class=\"wp-block-columns is-layout-flex wp-container-core-columns-is-layout-1 wp-block-columns-is-layout-flex\">\n<div class=\"wp-block-column is-layout-flow wp-block-column-is-layout-flow\" style=\"flex-basis:15%\"><\/div>\n\n\n\n<div class=\"wp-block-column is-layout-flow wp-block-column-is-layout-flow\" style=\"flex-basis:70%\">\n<p>Facil\u00edtenos <strong>sus datos y motivo de su inter\u00e9s y nos pondremos en contacto<\/strong> con usted en la mayor brevedad posible. Muchas gracias.<\/p>\n\n\n<style id=\"wpforms-css-vars-327-block-c6482440-fb37-414b-94fd-0d2ec464a2bc\">\n\t\t\t\t#wpforms-327.wpforms-block-c6482440-fb37-414b-94fd-0d2ec464a2bc {\n\t\t\t\t--wpforms-field-size-input-height: 43px;\n--wpforms-field-size-input-spacing: 15px;\n--wpforms-field-size-font-size: 16px;\n--wpforms-field-size-line-height: 19px;\n--wpforms-field-size-padding-h: 14px;\n--wpforms-field-size-checkbox-size: 16px;\n--wpforms-field-size-sublabel-spacing: 5px;\n--wpforms-field-size-icon-size: 1;\n--wpforms-label-size-font-size: 16px;\n--wpforms-label-size-line-height: 19px;\n--wpforms-label-size-sublabel-font-size: 14px;\n--wpforms-label-size-sublabel-line-height: 17px;\n--wpforms-button-size-font-size: 17px;\n--wpforms-button-size-height: 41px;\n--wpforms-button-size-padding-h: 15px;\n--wpforms-button-size-margin-top: 10px;\n--wpforms-container-shadow-size-box-shadow: none;\n\t\t\t}\n\t\t\t<\/style><div class=\"wpforms-container wpforms-container-full wpforms-block wpforms-block-c6482440-fb37-414b-94fd-0d2ec464a2bc wpforms-render-modern\" id=\"wpforms-327\"><form id=\"wpforms-form-327\" class=\"wpforms-validate wpforms-form wpforms-ajax-form\" data-formid=\"327\" method=\"post\" enctype=\"multipart\/form-data\" action=\"\/en\/wp-json\/wp\/v2\/pages\/329\" data-token=\"7210b809758005314114eb0ac2c3d02c\" data-token-time=\"1776710860\"><noscript class=\"wpforms-error-noscript\">Please enable JavaScript in your browser to complete this form.<\/noscript><div id=\"wpforms-error-noscript\" style=\"display: none;\">Please enable JavaScript in your browser to complete this form.<\/div><div class=\"wpforms-field-container\">\t\t<div id=\"wpforms-327-field_5-container\"\n\t\t\tclass=\"wpforms-field wpforms-field-text\"\n\t\t\tdata-field-type=\"text\"\n\t\t\tdata-field-id=\"5\"\n\t\t\t>\n\t\t\t<label class=\"wpforms-field-label\" for=\"wpforms-327-field_5\" >de Idioma Correo<\/label>\n\t\t\t<input type=\"text\" id=\"wpforms-327-field_5\" class=\"wpforms-field-medium\" name=\"wpforms[fields][5]\" >\n\t\t<\/div>\n\t\t<div id=\"wpforms-327-field_8-container\" class=\"wpforms-field wpforms-field-select wpforms-field-select-style-classic\" data-field-id=\"8\"><label class=\"wpforms-field-label\" for=\"wpforms-327-field_8\">Tratamiento<\/label><select id=\"wpforms-327-field_8\" class=\"wpforms-field-medium\" name=\"wpforms[fields][8]\"><option value=\"Sr.\"  class=\"choice-1 depth-1\"  >Sr.<\/option><option value=\"D.\"  class=\"choice-2 depth-1\"  >D.<\/option><option value=\"Sra.\"  class=\"choice-3 depth-1\"  >Sra.<\/option><option value=\"D\u00f1a.\"  class=\"choice-5 depth-1\"  >D\u00f1a.<\/option><option value=\"Ms.\"  class=\"choice-6 depth-1\"  >Ms.<\/option><option value=\"Mr.\"  class=\"choice-7 depth-1\"  >Mr.<\/option><option value=\"Mrs.\"  class=\"choice-8 depth-1\"  >Mrs.<\/option><option value=\"Miss\"  class=\"choice-9 depth-1\"  >Miss<\/option><\/select><\/div><div id=\"wpforms-327-field_1-container\" class=\"wpforms-field wpforms-field-name\" data-field-id=\"1\"><fieldset><legend class=\"wpforms-field-label\">Nombre <span class=\"wpforms-required-label\" aria-hidden=\"true\">*<\/span><\/legend><div class=\"wpforms-field-row wpforms-field-medium\"><div class=\"wpforms-field-row-block wpforms-first wpforms-one-half\"><input type=\"text\" id=\"wpforms-327-field_1\" class=\"wpforms-field-name-first wpforms-field-required\" name=\"wpforms[fields][1][first]\" aria-errormessage=\"wpforms-327-field_1-error\" required><label for=\"wpforms-327-field_1\" class=\"wpforms-field-sublabel after\">First<\/label><\/div><div class=\"wpforms-field-row-block wpforms-one-half\"><input type=\"text\" id=\"wpforms-327-field_1-last\" class=\"wpforms-field-name-last wpforms-field-required\" name=\"wpforms[fields][1][last]\" aria-errormessage=\"wpforms-327-field_1-last-error\" required><label for=\"wpforms-327-field_1-last\" class=\"wpforms-field-sublabel after\">Last<\/label><\/div><\/div><\/fieldset><\/div><div id=\"wpforms-327-field_2-container\" class=\"wpforms-field wpforms-field-number\" data-field-id=\"2\"><label class=\"wpforms-field-label\" for=\"wpforms-327-field_2\">Tel\u00e9fono de contacto <span class=\"wpforms-required-label\" aria-hidden=\"true\">*<\/span><\/label><input type=\"number\" id=\"wpforms-327-field_2\" class=\"wpforms-field-medium wpforms-field-required\" name=\"wpforms[fields][2]\" step=\"any\" aria-errormessage=\"wpforms-327-field_2-error\" required><\/div><div id=\"wpforms-327-field_4-container\" class=\"wpforms-field wpforms-field-email\" data-field-id=\"4\"><label class=\"wpforms-field-label\" for=\"wpforms-327-field_4\">Correo electr\u00f3nico<\/label><input type=\"email\" id=\"wpforms-327-field_4\" class=\"wpforms-field-medium\" name=\"wpforms[fields][4]\" spellcheck=\"false\" aria-errormessage=\"wpforms-327-field_4-error\" ><\/div><div id=\"wpforms-327-field_6-container\" class=\"wpforms-field wpforms-field-select wpforms-field-select-style-classic\" data-field-id=\"6\"><label class=\"wpforms-field-label\" for=\"wpforms-327-field_6\">Idioma preferido<\/label><select id=\"wpforms-327-field_6\" class=\"wpforms-field-medium\" name=\"wpforms[fields][6]\"><option value=\"Espa\u00f1ol\"  class=\"choice-1 depth-1\"  >Espa\u00f1ol<\/option><option value=\"English\"  class=\"choice-2 depth-1\"  >English<\/option><option value=\"Fran\u00e7ais\"  class=\"choice-3 depth-1\"  >Fran\u00e7ais<\/option><option value=\"Deutsch\"  class=\"choice-4 depth-1\"  >Deutsch<\/option><option value=\"Polski\"  class=\"choice-5 depth-1\"  >Polski<\/option><option value=\"\u00cdslenska\"  class=\"choice-6 depth-1\"  >\u00cdslenska<\/option><\/select><\/div><div id=\"wpforms-327-field_3-container\" class=\"wpforms-field wpforms-field-textarea\" data-field-id=\"3\"><label class=\"wpforms-field-label\" for=\"wpforms-327-field_3\">A\u00f1ade motivo de consulta<\/label><textarea id=\"wpforms-327-field_3\" class=\"wpforms-field-medium\" name=\"wpforms[fields][3]\" aria-errormessage=\"wpforms-327-field_3-error\" ><\/textarea><\/div><div id=\"wpforms-327-field_9-container\" class=\"wpforms-field wpforms-field-checkbox\" data-field-id=\"9\"><fieldset><legend class=\"wpforms-field-label\">Estos datos ser\u00e1n usados exclusivamente para fines de contacto  <span class=\"wpforms-required-label\" aria-hidden=\"true\">*<\/span><\/legend><ul id=\"wpforms-327-field_9\" class=\"wpforms-field-required\"><li class=\"choice-1 depth-1\"><input type=\"checkbox\" id=\"wpforms-327-field_9_1\" name=\"wpforms[fields][9][]\" value=\"He le\u00eddo y acepto la &lt;strong&gt;Pol\u00edtica de privacidad&lt;\/strong&gt;\" aria-errormessage=\"wpforms-327-field_9_1-error\" required ><label class=\"wpforms-field-label-inline\" for=\"wpforms-327-field_9_1\">He le\u00eddo y acepto la <strong>Pol\u00edtica de privacidad<\/strong><\/label><\/li><\/ul><\/fieldset><\/div><script>\n\t\t\t\t( function() {\n\t\t\t\t\tconst style = document.createElement( 'style' );\n\t\t\t\t\tstyle.appendChild( document.createTextNode( '#wpforms-327-field_5-container { position: absolute !important; overflow: hidden !important; display: inline !important; height: 1px !important; width: 1px !important; z-index: -1000 !important; padding: 0 !important; } #wpforms-327-field_5-container input { visibility: hidden; } #wpforms-conversational-form-page #wpforms-327-field_5-container label { counter-increment: none; }' ) );\n\t\t\t\t\tdocument.head.appendChild( style );\n\t\t\t\t\tdocument.currentScript?.remove();\n\t\t\t\t} )();\n\t\t\t<\/script><\/div><!-- .wpforms-field-container --><div class=\"wpforms-submit-container\" ><input type=\"hidden\" name=\"wpforms[id]\" value=\"327\"><input type=\"hidden\" name=\"page_title\" value=\"\"><input type=\"hidden\" name=\"page_url\" value=\"https:\/\/toldoscorona.es\/en\/wp-json\/wp\/v2\/pages\/329\"><input type=\"hidden\" name=\"url_referer\" value=\"\"><button type=\"submit\" name=\"wpforms[submit]\" id=\"wpforms-submit-327\" class=\"wpforms-submit\" data-alt-text=\"Enviando...\" data-submit-text=\"Enviar\" aria-live=\"assertive\" value=\"wpforms-submit\">Enviar<\/button><img loading=\"lazy\" decoding=\"async\" src=\"https:\/\/toldoscorona.es\/wp-content\/plugins\/wpforms\/assets\/images\/submit-spin.svg\" class=\"wpforms-submit-spinner\" style=\"display: none;\" width=\"26\" height=\"26\" alt=\"Loading\"><\/div><\/form><\/div>  <!-- .wpforms-container --><\/div>\n\n\n\n<div class=\"wp-block-column is-layout-flow wp-block-column-is-layout-flow\" style=\"flex-basis:15%\"><\/div>\n<\/div>\n\n\n\n<p><\/p>\n","protected":false},"excerpt":{"rendered":"<p>Please provide us with your details and the reason for your interest and we will contact you as soon as possible. Thank you very much.<\/p>","protected":false},"author":1,"featured_media":0,"parent":0,"menu_order":0,"comment_status":"closed","ping_status":"closed","template":"","meta":{"footnotes":""},"class_list":["post-329","page","type-page","status-publish","hentry"],"yoast_head":"<!-- This site is optimized with the Yoast SEO plugin v26.8 - https:\/\/yoast.com\/product\/yoast-seo-wordpress\/ -->\n<title>Formulario de contacto - Toldos Corona<\/title>\n<meta name=\"description\" content=\"Facil\u00edtenos sus datos y motivo de su inter\u00e9s y nos pondremos en contacto con usted en la mayor brevedad posible. Muchas gracias.\" \/>\n<meta name=\"robots\" content=\"index, follow, max-snippet:-1, max-image-preview:large, max-video-preview:-1\" \/>\n<link rel=\"canonical\" href=\"https:\/\/toldoscorona.es\/en\/formulario-de-contacto\/\" \/>\n<meta property=\"og:locale\" content=\"en_GB\" \/>\n<meta property=\"og:type\" content=\"article\" \/>\n<meta property=\"og:title\" content=\"Formulario de contacto - Toldos Corona\" \/>\n<meta property=\"og:description\" content=\"Facil\u00edtenos sus datos y motivo de su inter\u00e9s y nos pondremos en contacto con usted en la mayor brevedad posible. Muchas gracias.\" \/>\n<meta property=\"og:url\" content=\"https:\/\/toldoscorona.es\/en\/formulario-de-contacto\/\" \/>\n<meta property=\"og:site_name\" content=\"Toldos Corona\" \/>\n<meta property=\"article:publisher\" content=\"https:\/\/www.facebook.com\/p\/Toldos-Corona-100064004055766\/?locale=es_LA\" \/>\n<meta property=\"article:modified_time\" content=\"2026-02-28T02:54:53+00:00\" \/>\n<meta name=\"twitter:card\" content=\"summary_large_image\" \/>\n<meta name=\"twitter:site\" content=\"@toldoscoronasl\" \/>\n<meta name=\"twitter:label1\" content=\"Estimated reading time\" \/>\n\t<meta name=\"twitter:data1\" content=\"1 minute\" \/>\n<script type=\"application\/ld+json\" class=\"yoast-schema-graph\">{\"@context\":\"https:\/\/schema.org\",\"@graph\":[{\"@type\":\"WebPage\",\"@id\":\"https:\/\/toldoscorona.es\/formulario-de-contacto\/\",\"url\":\"https:\/\/toldoscorona.es\/formulario-de-contacto\/\",\"name\":\"Formulario de contacto - Toldos Corona\",\"isPartOf\":{\"@id\":\"https:\/\/toldoscorona.es\/#website\"},\"datePublished\":\"2025-01-03T08:00:54+00:00\",\"dateModified\":\"2026-02-28T02:54:53+00:00\",\"description\":\"Facil\u00edtenos sus datos y motivo de su inter\u00e9s y nos pondremos en contacto con usted en la mayor brevedad posible. Muchas gracias.\",\"breadcrumb\":{\"@id\":\"https:\/\/toldoscorona.es\/formulario-de-contacto\/#breadcrumb\"},\"inLanguage\":\"en-GB\",\"potentialAction\":[{\"@type\":\"ReadAction\",\"target\":[\"https:\/\/toldoscorona.es\/formulario-de-contacto\/\"]}]},{\"@type\":\"BreadcrumbList\",\"@id\":\"https:\/\/toldoscorona.es\/formulario-de-contacto\/#breadcrumb\",\"itemListElement\":[{\"@type\":\"ListItem\",\"position\":1,\"name\":\"Portada\",\"item\":\"https:\/\/toldoscorona.es\/\"},{\"@type\":\"ListItem\",\"position\":2,\"name\":\"Formulario de contacto\"}]},{\"@type\":\"WebSite\",\"@id\":\"https:\/\/toldoscorona.es\/#website\",\"url\":\"https:\/\/toldoscorona.es\/\",\"name\":\"Toldos Corona\",\"description\":\"Toldos, p\u00e9rgolas, bioclim\u00e1ticas y mucho m\u00e1s.\",\"publisher\":{\"@id\":\"https:\/\/toldoscorona.es\/#organization\"},\"potentialAction\":[{\"@type\":\"SearchAction\",\"target\":{\"@type\":\"EntryPoint\",\"urlTemplate\":\"https:\/\/toldoscorona.es\/?s={search_term_string}\"},\"query-input\":{\"@type\":\"PropertyValueSpecification\",\"valueRequired\":true,\"valueName\":\"search_term_string\"}}],\"inLanguage\":\"en-GB\"},{\"@type\":\"Organization\",\"@id\":\"https:\/\/toldoscorona.es\/#organization\",\"name\":\"Toldos Corona 2015 SL\",\"url\":\"https:\/\/toldoscorona.es\/\",\"logo\":{\"@type\":\"ImageObject\",\"inLanguage\":\"en-GB\",\"@id\":\"https:\/\/toldoscorona.es\/#\/schema\/logo\/image\/\",\"url\":\"https:\/\/toldoscorona.es\/wp-content\/uploads\/2024\/12\/Logo-Corona-copia-scaled.jpg\",\"contentUrl\":\"https:\/\/toldoscorona.es\/wp-content\/uploads\/2024\/12\/Logo-Corona-copia-scaled.jpg\",\"width\":2560,\"height\":1635,\"caption\":\"Toldos Corona 2015 SL\"},\"image\":{\"@id\":\"https:\/\/toldoscorona.es\/#\/schema\/logo\/image\/\"},\"sameAs\":[\"https:\/\/www.facebook.com\/p\/Toldos-Corona-100064004055766\/?locale=es_LA\",\"https:\/\/x.com\/toldoscoronasl\",\"https:\/\/www.instagram.com\/toldoscoronasl\",\"https:\/\/www.tiktok.com\/@toldoscoronasl?_t=8sXGn6HKFf6&_r=1\"]}]}<\/script>\n<!-- \/ Yoast SEO plugin. -->","yoast_head_json":{"title":"Formulario de contacto - Toldos Corona","description":"Please provide us with your details and the reason for your interest and we will contact you as soon as possible. Thank you very much.","robots":{"index":"index","follow":"follow","max-snippet":"max-snippet:-1","max-image-preview":"max-image-preview:large","max-video-preview":"max-video-preview:-1"},"canonical":"https:\/\/toldoscorona.es\/en\/formulario-de-contacto\/","og_locale":"en_GB","og_type":"article","og_title":"Formulario de contacto - Toldos Corona","og_description":"Facil\u00edtenos sus datos y motivo de su inter\u00e9s y nos pondremos en contacto con usted en la mayor brevedad posible. Muchas gracias.","og_url":"https:\/\/toldoscorona.es\/en\/formulario-de-contacto\/","og_site_name":"Toldos Corona","article_publisher":"https:\/\/www.facebook.com\/p\/Toldos-Corona-100064004055766\/?locale=es_LA","article_modified_time":"2026-02-28T02:54:53+00:00","twitter_card":"summary_large_image","twitter_site":"@toldoscoronasl","twitter_misc":{"Estimated reading time":"1 minute"},"schema":{"@context":"https:\/\/schema.org","@graph":[{"@type":"WebPage","@id":"https:\/\/toldoscorona.es\/formulario-de-contacto\/","url":"https:\/\/toldoscorona.es\/formulario-de-contacto\/","name":"Formulario de contacto - Toldos Corona","isPartOf":{"@id":"https:\/\/toldoscorona.es\/#website"},"datePublished":"2025-01-03T08:00:54+00:00","dateModified":"2026-02-28T02:54:53+00:00","description":"Please provide us with your details and the reason for your interest and we will contact you as soon as possible. Thank you very much.","breadcrumb":{"@id":"https:\/\/toldoscorona.es\/formulario-de-contacto\/#breadcrumb"},"inLanguage":"en-GB","potentialAction":[{"@type":"ReadAction","target":["https:\/\/toldoscorona.es\/formulario-de-contacto\/"]}]},{"@type":"BreadcrumbList","@id":"https:\/\/toldoscorona.es\/formulario-de-contacto\/#breadcrumb","itemListElement":[{"@type":"ListItem","position":1,"name":"Portada","item":"https:\/\/toldoscorona.es\/"},{"@type":"ListItem","position":2,"name":"Formulario de contacto"}]},{"@type":"WebSite","@id":"https:\/\/toldoscorona.es\/#website","url":"https:\/\/toldoscorona.es\/","name":"Toldos Corona","description":"Toldos, p\u00e9rgolas, bioclim\u00e1ticas y mucho m\u00e1s.","publisher":{"@id":"https:\/\/toldoscorona.es\/#organization"},"potentialAction":[{"@type":"SearchAction","target":{"@type":"EntryPoint","urlTemplate":"https:\/\/toldoscorona.es\/?s={search_term_string}"},"query-input":{"@type":"PropertyValueSpecification","valueRequired":true,"valueName":"search_term_string"}}],"inLanguage":"en-GB"},{"@type":"Organization","@id":"https:\/\/toldoscorona.es\/#organization","name":"Toldos Corona 2015 SL","url":"https:\/\/toldoscorona.es\/","logo":{"@type":"ImageObject","inLanguage":"en-GB","@id":"https:\/\/toldoscorona.es\/#\/schema\/logo\/image\/","url":"https:\/\/toldoscorona.es\/wp-content\/uploads\/2024\/12\/Logo-Corona-copia-scaled.jpg","contentUrl":"https:\/\/toldoscorona.es\/wp-content\/uploads\/2024\/12\/Logo-Corona-copia-scaled.jpg","width":2560,"height":1635,"caption":"Toldos Corona 2015 SL"},"image":{"@id":"https:\/\/toldoscorona.es\/#\/schema\/logo\/image\/"},"sameAs":["https:\/\/www.facebook.com\/p\/Toldos-Corona-100064004055766\/?locale=es_LA","https:\/\/x.com\/toldoscoronasl","https:\/\/www.instagram.com\/toldoscoronasl","https:\/\/www.tiktok.com\/@toldoscoronasl?_t=8sXGn6HKFf6&_r=1"]}]}},"_links":{"self":[{"href":"https:\/\/toldoscorona.es\/en\/wp-json\/wp\/v2\/pages\/329","targetHints":{"allow":["GET"]}}],"collection":[{"href":"https:\/\/toldoscorona.es\/en\/wp-json\/wp\/v2\/pages"}],"about":[{"href":"https:\/\/toldoscorona.es\/en\/wp-json\/wp\/v2\/types\/page"}],"author":[{"embeddable":true,"href":"https:\/\/toldoscorona.es\/en\/wp-json\/wp\/v2\/users\/1"}],"replies":[{"embeddable":true,"href":"https:\/\/toldoscorona.es\/en\/wp-json\/wp\/v2\/comments?post=329"}],"version-history":[{"count":15,"href":"https:\/\/toldoscorona.es\/en\/wp-json\/wp\/v2\/pages\/329\/revisions"}],"predecessor-version":[{"id":2606,"href":"https:\/\/toldoscorona.es\/en\/wp-json\/wp\/v2\/pages\/329\/revisions\/2606"}],"wp:attachment":[{"href":"https:\/\/toldoscorona.es\/en\/wp-json\/wp\/v2\/media?parent=329"}],"curies":[{"name":"wp","href":"https:\/\/api.w.org\/{rel}","templated":true}]}}